{"id":585,"date":"2025-05-06T12:22:37","date_gmt":"2025-05-06T09:22:37","guid":{"rendered":"https:\/\/pohjalacatering.ee\/?page_id=585"},"modified":"2025-05-06T12:34:42","modified_gmt":"2025-05-06T09:34:42","slug":"vorm-edastatud","status":"publish","type":"page","link":"https:\/\/pohjalacatering.ee\/en\/vorm-edastatud\/","title":{"rendered":"Vorm edastatud"},"content":{"rendered":"<section class=\"bde-section-585-100 bde-section\">\n  \n  \n\t\n\n\n\n<div class=\"section-container\"><h1 class=\"bde-heading-585-101 bde-heading\">\nThank you for contacting us!\n<\/h1><div class=\"bde-rich-text-585-103 bde-rich-text breakdance-rich-text-styles\">\n<p>Your message has been successfully delivered and will be reviewed by our team shortly. We will respond within 24 hours on weekdays.<\/p><p>If you have any further questions or would like to add anything, you can always write to us at. <a href=\"mailto:info@pohjalacatering.ee\">info@pohjalacatering.ee<\/a><\/p>\n<\/div><div class=\"bde-button-585-104 bde-button\">\n    \n                                    \n    \n    \n    \n    \n            \n                    \n            \n            \n\n    \n    \n    \n    \n    \n    <a class=\"breakdance-link button-atom button-atom--primary bde-button__button\" href=\"https:\/\/pohjalacatering.ee\/en\/\" target=\"_self\" data-type=\"url\"  >\n\n    \n        <span class=\"button-atom__text\">Back to front page<\/span>\n\n        \n        \n                <\/a>\n\n    \n\n\n<\/div><\/div>\n<\/section>","protected":false},"excerpt":{"rendered":"<p>Ait\u00e4h, et v\u00f5tsid meiega \u00fchendust! Sinu s\u00f5num on edukalt kohale j\u00f5udnud ning meie meeskond vaatab selle peatselt \u00fcle. Vastame t\u00f6\u00f6p\u00e4evadel \u00fcldjuhul 24 tunni jooksul.Kui sul tekib lisak\u00fcsimusi v\u00f5i soovid midagi t\u00e4iendada, v\u00f5id meile alati kirjutada aadressil info@pohjalacatering.ee Tagasi esilehele<\/p>","protected":false},"author":2,"featured_media":0,"parent":0,"menu_order":0,"comment_status":"closed","ping_status":"closed","template":"","meta":{"_breakdance_hide_in_design_set":false,"_breakdance_tags":"","footnotes":""},"class_list":["post-585","page","type-page","status-publish","hentry"],"yoast_head":"<!-- This site is optimized with the Yoast SEO plugin v27.5 - https:\/\/yoast.com\/product\/yoast-seo-wordpress\/ -->\n<title>Vorm edastatud - P&otilde;hjala Catering<\/title>\n<meta name=\"robots\" content=\"index, follow, max-snippet:-1, max-image-preview:large, max-video-preview:-1\" \/>\n<link rel=\"canonical\" href=\"https:\/\/pohjalacatering.ee\/en\/vorm-edastatud\/\" \/>\n<meta property=\"og:locale\" content=\"en_US\" \/>\n<meta property=\"og:type\" content=\"article\" \/>\n<meta property=\"og:title\" content=\"Vorm edastatud - P&otilde;hjala Catering\" \/>\n<meta property=\"og:description\" content=\"Ait\u00e4h, et v\u00f5tsid meiega \u00fchendust! Sinu s\u00f5num on edukalt kohale j\u00f5udnud ning meie meeskond vaatab selle peatselt \u00fcle. Vastame t\u00f6\u00f6p\u00e4evadel \u00fcldjuhul 24 tunni jooksul.Kui sul tekib lisak\u00fcsimusi v\u00f5i soovid midagi t\u00e4iendada, v\u00f5id meile alati kirjutada aadressil info@pohjalacatering.ee Tagasi esilehele\" \/>\n<meta property=\"og:url\" content=\"https:\/\/pohjalacatering.ee\/en\/vorm-edastatud\/\" \/>\n<meta property=\"og:site_name\" content=\"P&otilde;hjala Catering\" \/>\n<meta property=\"article:modified_time\" content=\"2025-05-06T09:34:42+00:00\" \/>\n<meta name=\"twitter:card\" content=\"summary_large_image\" \/>\n<script type=\"application\/ld+json\" class=\"yoast-schema-graph\">{\"@context\":\"https:\\\/\\\/schema.org\",\"@graph\":[{\"@type\":\"WebPage\",\"@id\":\"https:\\\/\\\/pohjalacatering.ee\\\/vorm-edastatud\\\/\",\"url\":\"https:\\\/\\\/pohjalacatering.ee\\\/vorm-edastatud\\\/\",\"name\":\"Vorm edastatud - P&otilde;hjala Catering\",\"isPartOf\":{\"@id\":\"https:\\\/\\\/pohjalacatering.ee\\\/#website\"},\"datePublished\":\"2025-05-06T09:22:37+00:00\",\"dateModified\":\"2025-05-06T09:34:42+00:00\",\"breadcrumb\":{\"@id\":\"https:\\\/\\\/pohjalacatering.ee\\\/vorm-edastatud\\\/#breadcrumb\"},\"inLanguage\":\"en-US\",\"potentialAction\":[{\"@type\":\"ReadAction\",\"target\":[\"https:\\\/\\\/pohjalacatering.ee\\\/vorm-edastatud\\\/\"]}]},{\"@type\":\"BreadcrumbList\",\"@id\":\"https:\\\/\\\/pohjalacatering.ee\\\/vorm-edastatud\\\/#breadcrumb\",\"itemListElement\":[{\"@type\":\"ListItem\",\"position\":1,\"name\":\"Home\",\"item\":\"https:\\\/\\\/pohjalacatering.ee\\\/\"},{\"@type\":\"ListItem\",\"position\":2,\"name\":\"Vorm edastatud\"}]},{\"@type\":\"WebSite\",\"@id\":\"https:\\\/\\\/pohjalacatering.ee\\\/#website\",\"url\":\"https:\\\/\\\/pohjalacatering.ee\\\/\",\"name\":\"P&otilde;hjala Catering\",\"description\":\"Naudi head toitu, kohalikku toitu\",\"potentialAction\":[{\"@type\":\"SearchAction\",\"target\":{\"@type\":\"EntryPoint\",\"urlTemplate\":\"https:\\\/\\\/pohjalacatering.ee\\\/?s={search_term_string}\"},\"query-input\":{\"@type\":\"PropertyValueSpecification\",\"valueRequired\":true,\"valueName\":\"search_term_string\"}}],\"inLanguage\":\"en-US\"}]}<\/script>\n<!-- \/ Yoast SEO plugin. -->","yoast_head_json":{"title":"Vorm edastatud - P&otilde;hjala Catering","robots":{"index":"index","follow":"follow","max-snippet":"max-snippet:-1","max-image-preview":"max-image-preview:large","max-video-preview":"max-video-preview:-1"},"canonical":"https:\/\/pohjalacatering.ee\/en\/vorm-edastatud\/","og_locale":"en_US","og_type":"article","og_title":"Vorm edastatud - P&otilde;hjala Catering","og_description":"Ait\u00e4h, et v\u00f5tsid meiega \u00fchendust! Sinu s\u00f5num on edukalt kohale j\u00f5udnud ning meie meeskond vaatab selle peatselt \u00fcle. Vastame t\u00f6\u00f6p\u00e4evadel \u00fcldjuhul 24 tunni jooksul.Kui sul tekib lisak\u00fcsimusi v\u00f5i soovid midagi t\u00e4iendada, v\u00f5id meile alati kirjutada aadressil info@pohjalacatering.ee Tagasi esilehele","og_url":"https:\/\/pohjalacatering.ee\/en\/vorm-edastatud\/","og_site_name":"P&otilde;hjala Catering","article_modified_time":"2025-05-06T09:34:42+00:00","twitter_card":"summary_large_image","schema":{"@context":"https:\/\/schema.org","@graph":[{"@type":"WebPage","@id":"https:\/\/pohjalacatering.ee\/vorm-edastatud\/","url":"https:\/\/pohjalacatering.ee\/vorm-edastatud\/","name":"Vorm edastatud - P&otilde;hjala Catering","isPartOf":{"@id":"https:\/\/pohjalacatering.ee\/#website"},"datePublished":"2025-05-06T09:22:37+00:00","dateModified":"2025-05-06T09:34:42+00:00","breadcrumb":{"@id":"https:\/\/pohjalacatering.ee\/vorm-edastatud\/#breadcrumb"},"inLanguage":"en-US","potentialAction":[{"@type":"ReadAction","target":["https:\/\/pohjalacatering.ee\/vorm-edastatud\/"]}]},{"@type":"BreadcrumbList","@id":"https:\/\/pohjalacatering.ee\/vorm-edastatud\/#breadcrumb","itemListElement":[{"@type":"ListItem","position":1,"name":"Home","item":"https:\/\/pohjalacatering.ee\/"},{"@type":"ListItem","position":2,"name":"Vorm edastatud"}]},{"@type":"WebSite","@id":"https:\/\/pohjalacatering.ee\/#website","url":"https:\/\/pohjalacatering.ee\/","name":"P\u00f5hjala Catering","description":"Enjoy good food, local food","potentialAction":[{"@type":"SearchAction","target":{"@type":"EntryPoint","urlTemplate":"https:\/\/pohjalacatering.ee\/?s={search_term_string}"},"query-input":{"@type":"PropertyValueSpecification","valueRequired":true,"valueName":"search_term_string"}}],"inLanguage":"en-US"}]}},"_links":{"self":[{"href":"https:\/\/pohjalacatering.ee\/en\/wp-json\/wp\/v2\/pages\/585","targetHints":{"allow":["GET"]}}],"collection":[{"href":"https:\/\/pohjalacatering.ee\/en\/wp-json\/wp\/v2\/pages"}],"about":[{"href":"https:\/\/pohjalacatering.ee\/en\/wp-json\/wp\/v2\/types\/page"}],"author":[{"embeddable":true,"href":"https:\/\/pohjalacatering.ee\/en\/wp-json\/wp\/v2\/users\/2"}],"replies":[{"embeddable":true,"href":"https:\/\/pohjalacatering.ee\/en\/wp-json\/wp\/v2\/comments?post=585"}],"version-history":[{"count":5,"href":"https:\/\/pohjalacatering.ee\/en\/wp-json\/wp\/v2\/pages\/585\/revisions"}],"predecessor-version":[{"id":592,"href":"https:\/\/pohjalacatering.ee\/en\/wp-json\/wp\/v2\/pages\/585\/revisions\/592"}],"wp:attachment":[{"href":"https:\/\/pohjalacatering.ee\/en\/wp-json\/wp\/v2\/media?parent=585"}],"curies":[{"name":"wp","href":"https:\/\/api.w.org\/{rel}","templated":true}]}}