{"id":375,"date":"2025-04-10T08:08:49","date_gmt":"2025-04-10T08:08:49","guid":{"rendered":"https:\/\/pohjalacatering.ee\/?page_id=375"},"modified":"2025-04-10T08:11:33","modified_gmt":"2025-04-10T08:11:33","slug":"kontorilounad-ja-toidupakid","status":"publish","type":"page","link":"https:\/\/pohjalacatering.ee\/en\/lahendused\/kontorilounad-ja-toidupakid\/","title":{"rendered":"Office lunches and food packages"},"content":{"rendered":"<section class=\"bde-section-375-100 bde-section\">\n              \n  \n  \n\t\n\n  <div class=\"section-background-overlay\"><\/div>\n\n\n<div class=\"section-container\"><h1 class=\"bde-heading-375-101 bde-heading\">\nOffice lunches and food packages\n<\/h1><\/div>\n<\/section><section class=\"bde-section-375-102 bde-section\">\n  \n  \n\t\n\n\n\n<div class=\"section-container\"><div class=\"bde-columns-375-103 bde-columns\"><div class=\"bde-column-375-104 bde-column\">\n  \n  \n\t\n\n\n\n<div class=\"bde-rich-text-375-105 bde-rich-text breakdance-rich-text-styles\">\n<p>We cater for a number of large Estonian companies with daily office lunches.<\/p>\n<p><strong>RESISTANCE:<\/strong>\u00a0Unlike large kitchens that cater for hospitals and schools, for example, we take great care in menu design and cater for the increasing demand for special diets, preferences and menu requests from international staff. For companies looking for a daily office lunch, we always design a menu to meet their needs.<\/p>\n<p><strong>SISSESEADE:<\/strong>\u00a0For long-term partners, we think ahead with the fittings, which we produce ourselves if necessary. We design our serving stations taking into account office interior design, comfort and food safety.<\/p>\n<p>Our clients include Twilio Estonia, Starship Technologies and Bondora AS.<\/p>\n<p><strong>FOOD PACKAGES:<\/strong>\u00a0We prepare and package a range of gourmet gift packages and cater for virtual conferences. P\u00f5hjala Catering also offers a ready-to-cook food service FOOD KIT by P\u00f5hjala Catering (<a href=\"http:\/\/www.foodkit.ee\/\">www.foodkit.ee<\/a>). This will create the potential for large-scale food packaging operations, supported by logistical capacity through a fleet of food transport vehicles.<\/p>\n<p>As the only catering company in Estonia, we also have the necessary permits to offer ready meal packages in the Finnish Uusimaa region.<\/p>\n<\/div>\n<\/div><\/div><div class=\"bde-gallery-375-106 bde-gallery\">\n\n\n  \n\n\n\n\n\n\n\n\n\n\n<div class=\"ee-gallery ee-gallery--default ee-gallery--grid ee-gallery--single ee-gallery--lightbox ee-gallery-- ee-gallery--caption- ee-gallery--caption-none ee-gallery--ratio\">\n                  \n      <a class=\"ee-gallery-item ee-gallery-item--image ee-gallery-item--single\" href=\"https:\/\/pohjalacatering.ee\/wp-content\/uploads\/2025\/04\/IMG_5186.jpg\"  data-sub-html=\"<span><\/span>\" data-category=\"1\"                  data-lg-size=\"1512-2016\"\n\n      >\n        <figure class=\"ee-gallery-item-figure\">\n                        <img decoding=\"async\" class=\"breakdance-image-object\" src=\"https:\/\/pohjalacatering.ee\/wp-content\/uploads\/2025\/04\/IMG_5186-768x1024.jpg\" width=\"768\" height=\"1024\" srcset=\"https:\/\/pohjalacatering.ee\/wp-content\/uploads\/2025\/04\/IMG_5186.jpg 1512w, https:\/\/pohjalacatering.ee\/wp-content\/uploads\/2025\/04\/IMG_5186-225x300.jpg 225w, https:\/\/pohjalacatering.ee\/wp-content\/uploads\/2025\/04\/IMG_5186-768x1024.jpg 768w, https:\/\/pohjalacatering.ee\/wp-content\/uploads\/2025\/04\/IMG_5186-1152x1536.jpg 1152w\" sizes=\"auto, (max-width: 1512px) 100vw, 1512px\" loading=\"lazy\">\n          \n                  <\/figure>\n      <\/a>\n\n                \n      <a class=\"ee-gallery-item ee-gallery-item--image ee-gallery-item--single\" href=\"https:\/\/pohjalacatering.ee\/wp-content\/uploads\/2025\/04\/IMG_3404.jpg\"  data-sub-html=\"<span><\/span>\" data-category=\"1\"                  data-lg-size=\"1512-2016\"\n\n      >\n        <figure class=\"ee-gallery-item-figure\">\n                        <img decoding=\"async\" class=\"breakdance-image-object\" src=\"https:\/\/pohjalacatering.ee\/wp-content\/uploads\/2025\/04\/IMG_3404-768x1024.jpg\" width=\"768\" height=\"1024\" srcset=\"https:\/\/pohjalacatering.ee\/wp-content\/uploads\/2025\/04\/IMG_3404.jpg 1512w, https:\/\/pohjalacatering.ee\/wp-content\/uploads\/2025\/04\/IMG_3404-225x300.jpg 225w, https:\/\/pohjalacatering.ee\/wp-content\/uploads\/2025\/04\/IMG_3404-768x1024.jpg 768w, https:\/\/pohjalacatering.ee\/wp-content\/uploads\/2025\/04\/IMG_3404-1152x1536.jpg 1152w\" sizes=\"auto, (max-width: 1512px) 100vw, 1512px\" loading=\"lazy\">\n          \n                  <\/figure>\n      <\/a>\n\n                \n      <a class=\"ee-gallery-item ee-gallery-item--image ee-gallery-item--single\" href=\"https:\/\/pohjalacatering.ee\/wp-content\/uploads\/2025\/04\/IMG_3205.jpg\"  data-sub-html=\"<span><\/span>\" data-category=\"1\"                  data-lg-size=\"1512-2016\"\n\n      >\n        <figure class=\"ee-gallery-item-figure\">\n                        <img decoding=\"async\" class=\"breakdance-image-object\" src=\"https:\/\/pohjalacatering.ee\/wp-content\/uploads\/2025\/04\/IMG_3205-768x1024.jpg\" width=\"768\" height=\"1024\" srcset=\"https:\/\/pohjalacatering.ee\/wp-content\/uploads\/2025\/04\/IMG_3205.jpg 1512w, https:\/\/pohjalacatering.ee\/wp-content\/uploads\/2025\/04\/IMG_3205-225x300.jpg 225w, https:\/\/pohjalacatering.ee\/wp-content\/uploads\/2025\/04\/IMG_3205-768x1024.jpg 768w, https:\/\/pohjalacatering.ee\/wp-content\/uploads\/2025\/04\/IMG_3205-1152x1536.jpg 1152w\" sizes=\"auto, (max-width: 1512px) 100vw, 1512px\" loading=\"lazy\">\n          \n                  <\/figure>\n      <\/a>\n\n                \n      <a class=\"ee-gallery-item ee-gallery-item--image ee-gallery-item--single\" href=\"https:\/\/pohjalacatering.ee\/wp-content\/uploads\/2025\/04\/catering-bowl.jpg\"  data-sub-html=\"<span><\/span>\" data-category=\"1\"                  data-lg-size=\"828-1110\"\n\n      >\n        <figure class=\"ee-gallery-item-figure\">\n                        <img decoding=\"async\" class=\"breakdance-image-object\" src=\"https:\/\/pohjalacatering.ee\/wp-content\/uploads\/2025\/04\/catering-bowl-764x1024.jpg\" width=\"764\" height=\"1024\" srcset=\"https:\/\/pohjalacatering.ee\/wp-content\/uploads\/2025\/04\/catering-bowl.jpg 828w, https:\/\/pohjalacatering.ee\/wp-content\/uploads\/2025\/04\/catering-bowl-224x300.jpg 224w, https:\/\/pohjalacatering.ee\/wp-content\/uploads\/2025\/04\/catering-bowl-764x1024.jpg 764w, https:\/\/pohjalacatering.ee\/wp-content\/uploads\/2025\/04\/catering-bowl-768x1030.jpg 768w\" sizes=\"auto, (max-width: 828px) 100vw, 828px\" loading=\"lazy\">\n          \n                  <\/figure>\n      <\/a>\n\n                \n      <a class=\"ee-gallery-item ee-gallery-item--image ee-gallery-item--single\" href=\"https:\/\/pohjalacatering.ee\/wp-content\/uploads\/2025\/04\/4DBD1973-C135-4E94-99ED-8C7560563108.jpg\"  data-sub-html=\"<span><\/span>\" data-category=\"1\"                  data-lg-size=\"1280-1280\"\n\n      >\n        <figure class=\"ee-gallery-item-figure\">\n                        <img decoding=\"async\" class=\"breakdance-image-object\" src=\"https:\/\/pohjalacatering.ee\/wp-content\/uploads\/2025\/04\/4DBD1973-C135-4E94-99ED-8C7560563108-1024x1024.jpg\" width=\"1024\" height=\"1024\" srcset=\"https:\/\/pohjalacatering.ee\/wp-content\/uploads\/2025\/04\/4DBD1973-C135-4E94-99ED-8C7560563108.jpg 1280w, https:\/\/pohjalacatering.ee\/wp-content\/uploads\/2025\/04\/4DBD1973-C135-4E94-99ED-8C7560563108-300x300.jpg 300w, https:\/\/pohjalacatering.ee\/wp-content\/uploads\/2025\/04\/4DBD1973-C135-4E94-99ED-8C7560563108-1024x1024.jpg 1024w, https:\/\/pohjalacatering.ee\/wp-content\/uploads\/2025\/04\/4DBD1973-C135-4E94-99ED-8C7560563108-150x150.jpg 150w, https:\/\/pohjalacatering.ee\/wp-content\/uploads\/2025\/04\/4DBD1973-C135-4E94-99ED-8C7560563108-768x768.jpg 768w\" sizes=\"auto, (max-width: 1280px) 100vw, 1280px\" loading=\"lazy\">\n          \n                  <\/figure>\n      <\/a>\n\n      \n  <\/div>\n\n\n\n<\/div><\/div>\n<\/section>","protected":false},"excerpt":{"rendered":"<p>Kontoril\u00f5unad ja toidupakid Toitlustame mitmeid Eesti suurettev\u00f5tteid igap\u00e4evaste kontoril\u00f5unatega. ERISTUME:\u00a0Erinevalt suurk\u00f6\u00f6kidest, mis toitlustavad n\u00e4iteks haiglaid ja koole suhtume hoolikalt men\u00fc\u00fckujundusse ja arvestame t\u00e4nap\u00e4eval \u00fcha rohkem n\u00f5utud eritoitude, eelistuste ja rahvusvaheliste t\u00f6\u00f6tajate men\u00fc\u00fcsoovidega. Igap\u00e4evane kontoriI\u00f5unat soovivale ettev\u00f5ttele koostame alati nende vajadustele vastava men\u00fc\u00fc. SISSESEADE:\u00a0Pikaajaliste partnerite puhul m\u00f5tleme kaasa sisseseseadega, mille vajadusel ise toodame. Disainime serveerimisjaamad arvestades [&hellip;]<\/p>\n","protected":false},"author":2,"featured_media":0,"parent":237,"menu_order":0,"comment_status":"closed","ping_status":"closed","template":"","meta":{"_breakdance_hide_in_design_set":false,"_breakdance_tags":"","footnotes":""},"class_list":["post-375","page","type-page","status-publish","hentry"],"yoast_head":"<!-- This site is optimized with the Yoast SEO plugin v27.4 - https:\/\/yoast.com\/product\/yoast-seo-wordpress\/ -->\n<title>Kontoril\u00f5unad ja toidupakid - P&otilde;hjala Catering<\/title>\n<meta name=\"robots\" content=\"index, follow, max-snippet:-1, max-image-preview:large, max-video-preview:-1\" \/>\n<link rel=\"canonical\" href=\"https:\/\/pohjalacatering.ee\/en\/lahendused\/kontorilounad-ja-toidupakid\/\" \/>\n<meta property=\"og:locale\" content=\"en_US\" \/>\n<meta property=\"og:type\" content=\"article\" \/>\n<meta property=\"og:title\" content=\"Kontoril\u00f5unad ja toidupakid - P&otilde;hjala Catering\" \/>\n<meta property=\"og:description\" content=\"Kontoril\u00f5unad ja toidupakid Toitlustame mitmeid Eesti suurettev\u00f5tteid igap\u00e4evaste kontoril\u00f5unatega. ERISTUME:\u00a0Erinevalt suurk\u00f6\u00f6kidest, mis toitlustavad n\u00e4iteks haiglaid ja koole suhtume hoolikalt men\u00fc\u00fckujundusse ja arvestame t\u00e4nap\u00e4eval \u00fcha rohkem n\u00f5utud eritoitude, eelistuste ja rahvusvaheliste t\u00f6\u00f6tajate men\u00fc\u00fcsoovidega. Igap\u00e4evane kontoriI\u00f5unat soovivale ettev\u00f5ttele koostame alati nende vajadustele vastava men\u00fc\u00fc. SISSESEADE:\u00a0Pikaajaliste partnerite puhul m\u00f5tleme kaasa sisseseseadega, mille vajadusel ise toodame. Disainime serveerimisjaamad arvestades [&hellip;]\" \/>\n<meta property=\"og:url\" content=\"https:\/\/pohjalacatering.ee\/en\/lahendused\/kontorilounad-ja-toidupakid\/\" \/>\n<meta property=\"og:site_name\" content=\"P&otilde;hjala Catering\" \/>\n<meta property=\"article:modified_time\" content=\"2025-04-10T08:11:33+00:00\" \/>\n<meta name=\"twitter:card\" content=\"summary_large_image\" \/>\n<script type=\"application\/ld+json\" class=\"yoast-schema-graph\">{\"@context\":\"https:\\\/\\\/schema.org\",\"@graph\":[{\"@type\":\"WebPage\",\"@id\":\"https:\\\/\\\/pohjalacatering.ee\\\/lahendused\\\/kontorilounad-ja-toidupakid\\\/\",\"url\":\"https:\\\/\\\/pohjalacatering.ee\\\/lahendused\\\/kontorilounad-ja-toidupakid\\\/\",\"name\":\"Kontoril\u00f5unad ja toidupakid - P&otilde;hjala Catering\",\"isPartOf\":{\"@id\":\"https:\\\/\\\/pohjalacatering.ee\\\/#website\"},\"datePublished\":\"2025-04-10T08:08:49+00:00\",\"dateModified\":\"2025-04-10T08:11:33+00:00\",\"breadcrumb\":{\"@id\":\"https:\\\/\\\/pohjalacatering.ee\\\/lahendused\\\/kontorilounad-ja-toidupakid\\\/#breadcrumb\"},\"inLanguage\":\"en-US\",\"potentialAction\":[{\"@type\":\"ReadAction\",\"target\":[\"https:\\\/\\\/pohjalacatering.ee\\\/lahendused\\\/kontorilounad-ja-toidupakid\\\/\"]}]},{\"@type\":\"BreadcrumbList\",\"@id\":\"https:\\\/\\\/pohjalacatering.ee\\\/lahendused\\\/kontorilounad-ja-toidupakid\\\/#breadcrumb\",\"itemListElement\":[{\"@type\":\"ListItem\",\"position\":1,\"name\":\"Home\",\"item\":\"https:\\\/\\\/pohjalacatering.ee\\\/\"},{\"@type\":\"ListItem\",\"position\":2,\"name\":\"Lahendused\",\"item\":\"https:\\\/\\\/pohjalacatering.ee\\\/lahendused\\\/\"},{\"@type\":\"ListItem\",\"position\":3,\"name\":\"Kontoril\u00f5unad ja toidupakid\"}]},{\"@type\":\"WebSite\",\"@id\":\"https:\\\/\\\/pohjalacatering.ee\\\/#website\",\"url\":\"https:\\\/\\\/pohjalacatering.ee\\\/\",\"name\":\"P&otilde;hjala Catering\",\"description\":\"Naudi head toitu, kohalikku toitu\",\"potentialAction\":[{\"@type\":\"SearchAction\",\"target\":{\"@type\":\"EntryPoint\",\"urlTemplate\":\"https:\\\/\\\/pohjalacatering.ee\\\/?s={search_term_string}\"},\"query-input\":{\"@type\":\"PropertyValueSpecification\",\"valueRequired\":true,\"valueName\":\"search_term_string\"}}],\"inLanguage\":\"en-US\"}]}<\/script>\n<!-- \/ Yoast SEO plugin. -->","yoast_head_json":{"title":"Kontoril\u00f5unad ja toidupakid - P&otilde;hjala Catering","robots":{"index":"index","follow":"follow","max-snippet":"max-snippet:-1","max-image-preview":"max-image-preview:large","max-video-preview":"max-video-preview:-1"},"canonical":"https:\/\/pohjalacatering.ee\/en\/lahendused\/kontorilounad-ja-toidupakid\/","og_locale":"en_US","og_type":"article","og_title":"Kontoril\u00f5unad ja toidupakid - P&otilde;hjala Catering","og_description":"Kontoril\u00f5unad ja toidupakid Toitlustame mitmeid Eesti suurettev\u00f5tteid igap\u00e4evaste kontoril\u00f5unatega. ERISTUME:\u00a0Erinevalt suurk\u00f6\u00f6kidest, mis toitlustavad n\u00e4iteks haiglaid ja koole suhtume hoolikalt men\u00fc\u00fckujundusse ja arvestame t\u00e4nap\u00e4eval \u00fcha rohkem n\u00f5utud eritoitude, eelistuste ja rahvusvaheliste t\u00f6\u00f6tajate men\u00fc\u00fcsoovidega. Igap\u00e4evane kontoriI\u00f5unat soovivale ettev\u00f5ttele koostame alati nende vajadustele vastava men\u00fc\u00fc. SISSESEADE:\u00a0Pikaajaliste partnerite puhul m\u00f5tleme kaasa sisseseseadega, mille vajadusel ise toodame. Disainime serveerimisjaamad arvestades [&hellip;]","og_url":"https:\/\/pohjalacatering.ee\/en\/lahendused\/kontorilounad-ja-toidupakid\/","og_site_name":"P&otilde;hjala Catering","article_modified_time":"2025-04-10T08:11:33+00:00","twitter_card":"summary_large_image","schema":{"@context":"https:\/\/schema.org","@graph":[{"@type":"WebPage","@id":"https:\/\/pohjalacatering.ee\/lahendused\/kontorilounad-ja-toidupakid\/","url":"https:\/\/pohjalacatering.ee\/lahendused\/kontorilounad-ja-toidupakid\/","name":"Kontoril\u00f5unad ja toidupakid - P&otilde;hjala Catering","isPartOf":{"@id":"https:\/\/pohjalacatering.ee\/#website"},"datePublished":"2025-04-10T08:08:49+00:00","dateModified":"2025-04-10T08:11:33+00:00","breadcrumb":{"@id":"https:\/\/pohjalacatering.ee\/lahendused\/kontorilounad-ja-toidupakid\/#breadcrumb"},"inLanguage":"en-US","potentialAction":[{"@type":"ReadAction","target":["https:\/\/pohjalacatering.ee\/lahendused\/kontorilounad-ja-toidupakid\/"]}]},{"@type":"BreadcrumbList","@id":"https:\/\/pohjalacatering.ee\/lahendused\/kontorilounad-ja-toidupakid\/#breadcrumb","itemListElement":[{"@type":"ListItem","position":1,"name":"Home","item":"https:\/\/pohjalacatering.ee\/"},{"@type":"ListItem","position":2,"name":"Lahendused","item":"https:\/\/pohjalacatering.ee\/lahendused\/"},{"@type":"ListItem","position":3,"name":"Kontoril\u00f5unad ja toidupakid"}]},{"@type":"WebSite","@id":"https:\/\/pohjalacatering.ee\/#website","url":"https:\/\/pohjalacatering.ee\/","name":"P\u00f5hjala Catering","description":"Enjoy good food, local food","potentialAction":[{"@type":"SearchAction","target":{"@type":"EntryPoint","urlTemplate":"https:\/\/pohjalacatering.ee\/?s={search_term_string}"},"query-input":{"@type":"PropertyValueSpecification","valueRequired":true,"valueName":"search_term_string"}}],"inLanguage":"en-US"}]}},"_links":{"self":[{"href":"https:\/\/pohjalacatering.ee\/en\/wp-json\/wp\/v2\/pages\/375","targetHints":{"allow":["GET"]}}],"collection":[{"href":"https:\/\/pohjalacatering.ee\/en\/wp-json\/wp\/v2\/pages"}],"about":[{"href":"https:\/\/pohjalacatering.ee\/en\/wp-json\/wp\/v2\/types\/page"}],"author":[{"embeddable":true,"href":"https:\/\/pohjalacatering.ee\/en\/wp-json\/wp\/v2\/users\/2"}],"replies":[{"embeddable":true,"href":"https:\/\/pohjalacatering.ee\/en\/wp-json\/wp\/v2\/comments?post=375"}],"version-history":[{"count":2,"href":"https:\/\/pohjalacatering.ee\/en\/wp-json\/wp\/v2\/pages\/375\/revisions"}],"predecessor-version":[{"id":382,"href":"https:\/\/pohjalacatering.ee\/en\/wp-json\/wp\/v2\/pages\/375\/revisions\/382"}],"up":[{"embeddable":true,"href":"https:\/\/pohjalacatering.ee\/en\/wp-json\/wp\/v2\/pages\/237"}],"wp:attachment":[{"href":"https:\/\/pohjalacatering.ee\/en\/wp-json\/wp\/v2\/media?parent=375"}],"curies":[{"name":"wp","href":"https:\/\/api.w.org\/{rel}","templated":true}]}}