{"id":352,"date":"2025-04-10T08:05:40","date_gmt":"2025-04-10T08:05:40","guid":{"rendered":"https:\/\/pohjalacatering.ee\/?page_id=352"},"modified":"2025-04-10T08:08:19","modified_gmt":"2025-04-10T08:08:19","slug":"private-chef","status":"publish","type":"page","link":"https:\/\/pohjalacatering.ee\/en\/lahendused\/private-chef\/","title":{"rendered":"Private chef"},"content":{"rendered":"<section class=\"bde-section-352-100 bde-section\">\n              \n  \n  \n\t\n\n  <div class=\"section-background-overlay\"><\/div>\n\n\n<div class=\"section-container\"><h1 class=\"bde-heading-352-101 bde-heading\">\nPrivate chef\n<\/h1><\/div>\n<\/section><section class=\"bde-section-352-102 bde-section\">\n  \n  \n\t\n\n\n\n<div class=\"section-container\"><div class=\"bde-columns-352-103 bde-columns\"><div class=\"bde-column-352-104 bde-column\">\n  \n  \n\t\n\n\n\n<div class=\"bde-rich-text-352-105 bde-rich-text breakdance-rich-text-styles\">\n<p><strong>EXCLUSIVITY:<\/strong>\u00a0In the case of a private chef service, we will prepare a special multi-course menu according to your wishes, pair drinks and come to the location of your choice.<\/p>\n<p><strong>TIPS:<\/strong>\u00a0We include a sommelier, bartender and the best waiters to ensure the best possible experience. The best of the best - Nordic catering staff have experience from both international 5* hotels and Michelin restaurants.<\/p>\n<p><strong>MOBIILSUS:<\/strong>\u00a0We'll come with all the equipment to your private den, yacht, plane or country home. As a catering company, we can bring all the equipment you need to cook and serve.<\/p>\n<p>Our chefs speak Estonian, English, Prussian and Russian.<\/p>\n<p>We also offer a private chef service outside Estonia.<\/p>\n<p>The private chef service has limited availability and we cater for groups of up to 2-50 people.<\/p>\n<p>Menu price with fixed drinks in Estonia 60-250\u20ac+km.<\/p>\n<\/div>\n<\/div><\/div><div class=\"bde-gallery-352-106 bde-gallery\">\n\n\n  \n\n\n\n\n\n\n\n\n\n\n<div class=\"ee-gallery ee-gallery--default ee-gallery--grid ee-gallery--single ee-gallery--lightbox ee-gallery-- ee-gallery--caption- ee-gallery--caption-none ee-gallery--ratio\">\n                  \n      <a class=\"ee-gallery-item ee-gallery-item--image ee-gallery-item--single\" href=\"https:\/\/pohjalacatering.ee\/wp-content\/uploads\/2025\/04\/2E24DAD7-364A-4026-AC33-192A5F9174371-1.jpg\"  data-sub-html=\"<span><\/span>\" data-category=\"1\"                  data-lg-size=\"1512-1512\"\n\n      >\n        <figure class=\"ee-gallery-item-figure\">\n                        <img decoding=\"async\" class=\"breakdance-image-object\" src=\"https:\/\/pohjalacatering.ee\/wp-content\/uploads\/2025\/04\/2E24DAD7-364A-4026-AC33-192A5F9174371-1-1024x1024.jpg\" width=\"1024\" height=\"1024\" srcset=\"https:\/\/pohjalacatering.ee\/wp-content\/uploads\/2025\/04\/2E24DAD7-364A-4026-AC33-192A5F9174371-1.jpg 1512w, https:\/\/pohjalacatering.ee\/wp-content\/uploads\/2025\/04\/2E24DAD7-364A-4026-AC33-192A5F9174371-1-300x300.jpg 300w, https:\/\/pohjalacatering.ee\/wp-content\/uploads\/2025\/04\/2E24DAD7-364A-4026-AC33-192A5F9174371-1-1024x1024.jpg 1024w, https:\/\/pohjalacatering.ee\/wp-content\/uploads\/2025\/04\/2E24DAD7-364A-4026-AC33-192A5F9174371-1-150x150.jpg 150w, https:\/\/pohjalacatering.ee\/wp-content\/uploads\/2025\/04\/2E24DAD7-364A-4026-AC33-192A5F9174371-1-768x768.jpg 768w\" sizes=\"auto, (max-width: 1512px) 100vw, 1512px\" loading=\"lazy\">\n          \n                  <\/figure>\n      <\/a>\n\n                \n      <a class=\"ee-gallery-item ee-gallery-item--image ee-gallery-item--single\" href=\"https:\/\/pohjalacatering.ee\/wp-content\/uploads\/2025\/04\/Suupistegr-e1549892800483-1.jpeg\"  data-sub-html=\"<span><\/span>\" data-category=\"1\"                  data-lg-size=\"801-600\"\n\n      >\n        <figure class=\"ee-gallery-item-figure\">\n                        <img decoding=\"async\" class=\"breakdance-image-object\" src=\"https:\/\/pohjalacatering.ee\/wp-content\/uploads\/2025\/04\/Suupistegr-e1549892800483-1.jpeg\" width=\"801\" height=\"600\" srcset=\"https:\/\/pohjalacatering.ee\/wp-content\/uploads\/2025\/04\/Suupistegr-e1549892800483-1.jpeg 801w, https:\/\/pohjalacatering.ee\/wp-content\/uploads\/2025\/04\/Suupistegr-e1549892800483-1-300x225.jpeg 300w, https:\/\/pohjalacatering.ee\/wp-content\/uploads\/2025\/04\/Suupistegr-e1549892800483-1-768x575.jpeg 768w\" sizes=\"auto, (max-width: 801px) 100vw, 801px\" loading=\"lazy\">\n          \n                  <\/figure>\n      <\/a>\n\n                \n      <a class=\"ee-gallery-item ee-gallery-item--image ee-gallery-item--single\" href=\"https:\/\/pohjalacatering.ee\/wp-content\/uploads\/2025\/04\/private-chef-catering-Tallinn1.jpeg\"  data-sub-html=\"<span><\/span>\" data-category=\"1\"                  data-lg-size=\"1600-1067\"\n\n      >\n        <figure class=\"ee-gallery-item-figure\">\n                        <img decoding=\"async\" class=\"breakdance-image-object\" src=\"https:\/\/pohjalacatering.ee\/wp-content\/uploads\/2025\/04\/private-chef-catering-Tallinn1-1024x683.jpeg\" width=\"1024\" height=\"683\" srcset=\"https:\/\/pohjalacatering.ee\/wp-content\/uploads\/2025\/04\/private-chef-catering-Tallinn1.jpeg 1600w, https:\/\/pohjalacatering.ee\/wp-content\/uploads\/2025\/04\/private-chef-catering-Tallinn1-300x200.jpeg 300w, https:\/\/pohjalacatering.ee\/wp-content\/uploads\/2025\/04\/private-chef-catering-Tallinn1-1024x683.jpeg 1024w, https:\/\/pohjalacatering.ee\/wp-content\/uploads\/2025\/04\/private-chef-catering-Tallinn1-768x512.jpeg 768w, https:\/\/pohjalacatering.ee\/wp-content\/uploads\/2025\/04\/private-chef-catering-Tallinn1-1536x1024.jpeg 1536w\" sizes=\"auto, (max-width: 1600px) 100vw, 1600px\" loading=\"lazy\">\n          \n                  <\/figure>\n      <\/a>\n\n                \n      <a class=\"ee-gallery-item ee-gallery-item--image ee-gallery-item--single\" href=\"https:\/\/pohjalacatering.ee\/wp-content\/uploads\/2025\/04\/riisalu1-e1549892768597-1.jpg\"  data-sub-html=\"<span><\/span>\" data-category=\"1\"                  data-lg-size=\"801-600\"\n\n      >\n        <figure class=\"ee-gallery-item-figure\">\n                        <img decoding=\"async\" class=\"breakdance-image-object\" src=\"https:\/\/pohjalacatering.ee\/wp-content\/uploads\/2025\/04\/riisalu1-e1549892768597-1.jpg\" width=\"801\" height=\"600\" srcset=\"https:\/\/pohjalacatering.ee\/wp-content\/uploads\/2025\/04\/riisalu1-e1549892768597-1.jpg 801w, https:\/\/pohjalacatering.ee\/wp-content\/uploads\/2025\/04\/riisalu1-e1549892768597-1-300x225.jpg 300w, https:\/\/pohjalacatering.ee\/wp-content\/uploads\/2025\/04\/riisalu1-e1549892768597-1-768x575.jpg 768w\" sizes=\"auto, (max-width: 801px) 100vw, 801px\" loading=\"lazy\">\n          \n                  <\/figure>\n      <\/a>\n\n                \n      <a class=\"ee-gallery-item ee-gallery-item--image ee-gallery-item--single\" href=\"https:\/\/pohjalacatering.ee\/wp-content\/uploads\/2025\/04\/privaatkokk-tallinn-copy.jpg\"  data-sub-html=\"<span><\/span>\" data-category=\"1\"                  data-lg-size=\"2525-2525\"\n\n      >\n        <figure class=\"ee-gallery-item-figure\">\n                        <img decoding=\"async\" class=\"breakdance-image-object\" src=\"https:\/\/pohjalacatering.ee\/wp-content\/uploads\/2025\/04\/privaatkokk-tallinn-copy-1024x1024.jpg\" width=\"1024\" height=\"1024\" srcset=\"https:\/\/pohjalacatering.ee\/wp-content\/uploads\/2025\/04\/privaatkokk-tallinn-copy.jpg 2525w, https:\/\/pohjalacatering.ee\/wp-content\/uploads\/2025\/04\/privaatkokk-tallinn-copy-300x300.jpg 300w, https:\/\/pohjalacatering.ee\/wp-content\/uploads\/2025\/04\/privaatkokk-tallinn-copy-1024x1024.jpg 1024w, https:\/\/pohjalacatering.ee\/wp-content\/uploads\/2025\/04\/privaatkokk-tallinn-copy-150x150.jpg 150w, https:\/\/pohjalacatering.ee\/wp-content\/uploads\/2025\/04\/privaatkokk-tallinn-copy-768x768.jpg 768w, https:\/\/pohjalacatering.ee\/wp-content\/uploads\/2025\/04\/privaatkokk-tallinn-copy-1536x1536.jpg 1536w, https:\/\/pohjalacatering.ee\/wp-content\/uploads\/2025\/04\/privaatkokk-tallinn-copy-2048x2048.jpg 2048w\" sizes=\"auto, (max-width: 2525px) 100vw, 2525px\" loading=\"lazy\">\n          \n                  <\/figure>\n      <\/a>\n\n                \n      <a class=\"ee-gallery-item ee-gallery-item--image ee-gallery-item--single\" href=\"https:\/\/pohjalacatering.ee\/wp-content\/uploads\/2025\/04\/plated-catering-Tallinn.jpg\"  data-sub-html=\"<span><\/span>\" data-category=\"1\"                  data-lg-size=\"752-1008\"\n\n      >\n        <figure class=\"ee-gallery-item-figure\">\n                        <img decoding=\"async\" class=\"breakdance-image-object\" src=\"https:\/\/pohjalacatering.ee\/wp-content\/uploads\/2025\/04\/plated-catering-Tallinn.jpg\" width=\"752\" height=\"1008\" srcset=\"https:\/\/pohjalacatering.ee\/wp-content\/uploads\/2025\/04\/plated-catering-Tallinn.jpg 752w, https:\/\/pohjalacatering.ee\/wp-content\/uploads\/2025\/04\/plated-catering-Tallinn-224x300.jpg 224w\" sizes=\"auto, (max-width: 752px) 100vw, 752px\" loading=\"lazy\">\n          \n                  <\/figure>\n      <\/a>\n\n                \n      <a class=\"ee-gallery-item ee-gallery-item--image ee-gallery-item--single\" href=\"https:\/\/pohjalacatering.ee\/wp-content\/uploads\/2025\/04\/kaikudega-ohtusook-1.jpg\"  data-sub-html=\"<span><\/span>\" data-category=\"1\"                  data-lg-size=\"640-640\"\n\n      >\n        <figure class=\"ee-gallery-item-figure\">\n                        <img decoding=\"async\" class=\"breakdance-image-object\" src=\"https:\/\/pohjalacatering.ee\/wp-content\/uploads\/2025\/04\/kaikudega-ohtusook-1.jpg\" width=\"640\" height=\"640\" srcset=\"https:\/\/pohjalacatering.ee\/wp-content\/uploads\/2025\/04\/kaikudega-ohtusook-1.jpg 640w, https:\/\/pohjalacatering.ee\/wp-content\/uploads\/2025\/04\/kaikudega-ohtusook-1-300x300.jpg 300w, https:\/\/pohjalacatering.ee\/wp-content\/uploads\/2025\/04\/kaikudega-ohtusook-1-150x150.jpg 150w\" sizes=\"auto, (max-width: 640px) 100vw, 640px\" loading=\"lazy\">\n          \n                  <\/figure>\n      <\/a>\n\n                \n      <a class=\"ee-gallery-item ee-gallery-item--image ee-gallery-item--single\" href=\"https:\/\/pohjalacatering.ee\/wp-content\/uploads\/2025\/04\/peedi-heeringas-1.jpg\"  data-sub-html=\"<span><\/span>\" data-category=\"1\"                  data-lg-size=\"717-939\"\n\n      >\n        <figure class=\"ee-gallery-item-figure\">\n                        <img decoding=\"async\" class=\"breakdance-image-object\" src=\"https:\/\/pohjalacatering.ee\/wp-content\/uploads\/2025\/04\/peedi-heeringas-1.jpg\" width=\"717\" height=\"939\" srcset=\"https:\/\/pohjalacatering.ee\/wp-content\/uploads\/2025\/04\/peedi-heeringas-1.jpg 717w, https:\/\/pohjalacatering.ee\/wp-content\/uploads\/2025\/04\/peedi-heeringas-1-229x300.jpg 229w\" sizes=\"auto, (max-width: 717px) 100vw, 717px\" loading=\"lazy\">\n          \n                  <\/figure>\n      <\/a>\n\n                \n      <a class=\"ee-gallery-item ee-gallery-item--image ee-gallery-item--single\" href=\"https:\/\/pohjalacatering.ee\/wp-content\/uploads\/2025\/04\/IMG_3387-2.jpg\"  data-sub-html=\"<span><\/span>\" data-category=\"1\"                  data-lg-size=\"960-640\"\n\n      >\n        <figure class=\"ee-gallery-item-figure\">\n                        <img decoding=\"async\" class=\"breakdance-image-object\" src=\"https:\/\/pohjalacatering.ee\/wp-content\/uploads\/2025\/04\/IMG_3387-2.jpg\" width=\"960\" height=\"640\" srcset=\"https:\/\/pohjalacatering.ee\/wp-content\/uploads\/2025\/04\/IMG_3387-2.jpg 960w, https:\/\/pohjalacatering.ee\/wp-content\/uploads\/2025\/04\/IMG_3387-2-300x200.jpg 300w, https:\/\/pohjalacatering.ee\/wp-content\/uploads\/2025\/04\/IMG_3387-2-768x512.jpg 768w\" sizes=\"auto, (max-width: 960px) 100vw, 960px\" loading=\"lazy\">\n          \n                  <\/figure>\n      <\/a>\n\n                \n      <a class=\"ee-gallery-item ee-gallery-item--image ee-gallery-item--single\" href=\"https:\/\/pohjalacatering.ee\/wp-content\/uploads\/2025\/04\/Isis-2-e1549892706737-1.jpg\"  data-sub-html=\"<span><\/span>\" data-category=\"1\"                  data-lg-size=\"801-600\"\n\n      >\n        <figure class=\"ee-gallery-item-figure\">\n                        <img decoding=\"async\" class=\"breakdance-image-object\" src=\"https:\/\/pohjalacatering.ee\/wp-content\/uploads\/2025\/04\/Isis-2-e1549892706737-1.jpg\" width=\"801\" height=\"600\" srcset=\"https:\/\/pohjalacatering.ee\/wp-content\/uploads\/2025\/04\/Isis-2-e1549892706737-1.jpg 801w, https:\/\/pohjalacatering.ee\/wp-content\/uploads\/2025\/04\/Isis-2-e1549892706737-1-300x225.jpg 300w, https:\/\/pohjalacatering.ee\/wp-content\/uploads\/2025\/04\/Isis-2-e1549892706737-1-768x575.jpg 768w\" sizes=\"auto, (max-width: 801px) 100vw, 801px\" loading=\"lazy\">\n          \n                  <\/figure>\n      <\/a>\n\n                \n      <a class=\"ee-gallery-item ee-gallery-item--image ee-gallery-item--single\" href=\"https:\/\/pohjalacatering.ee\/wp-content\/uploads\/2025\/04\/IMG_3385-1.jpg\"  data-sub-html=\"<span><\/span>\" data-category=\"1\"                  data-lg-size=\"960-640\"\n\n      >\n        <figure class=\"ee-gallery-item-figure\">\n                        <img decoding=\"async\" class=\"breakdance-image-object\" src=\"https:\/\/pohjalacatering.ee\/wp-content\/uploads\/2025\/04\/IMG_3385-1.jpg\" width=\"960\" height=\"640\" srcset=\"https:\/\/pohjalacatering.ee\/wp-content\/uploads\/2025\/04\/IMG_3385-1.jpg 960w, https:\/\/pohjalacatering.ee\/wp-content\/uploads\/2025\/04\/IMG_3385-1-300x200.jpg 300w, https:\/\/pohjalacatering.ee\/wp-content\/uploads\/2025\/04\/IMG_3385-1-768x512.jpg 768w\" sizes=\"auto, (max-width: 960px) 100vw, 960px\" loading=\"lazy\">\n          \n                  <\/figure>\n      <\/a>\n\n                \n      <a class=\"ee-gallery-item ee-gallery-item--image ee-gallery-item--single\" href=\"https:\/\/pohjalacatering.ee\/wp-content\/uploads\/2025\/04\/IMG_1426-1.jpg\"  data-sub-html=\"<span><\/span>\" data-category=\"1\"                  data-lg-size=\"1512-2016\"\n\n      >\n        <figure class=\"ee-gallery-item-figure\">\n                        <img decoding=\"async\" class=\"breakdance-image-object\" src=\"https:\/\/pohjalacatering.ee\/wp-content\/uploads\/2025\/04\/IMG_1426-1-768x1024.jpg\" width=\"768\" height=\"1024\" srcset=\"https:\/\/pohjalacatering.ee\/wp-content\/uploads\/2025\/04\/IMG_1426-1.jpg 1512w, https:\/\/pohjalacatering.ee\/wp-content\/uploads\/2025\/04\/IMG_1426-1-225x300.jpg 225w, https:\/\/pohjalacatering.ee\/wp-content\/uploads\/2025\/04\/IMG_1426-1-768x1024.jpg 768w, https:\/\/pohjalacatering.ee\/wp-content\/uploads\/2025\/04\/IMG_1426-1-1152x1536.jpg 1152w\" sizes=\"auto, (max-width: 1512px) 100vw, 1512px\" loading=\"lazy\">\n          \n                  <\/figure>\n      <\/a>\n\n                \n      <a class=\"ee-gallery-item ee-gallery-item--image ee-gallery-item--single\" href=\"https:\/\/pohjalacatering.ee\/wp-content\/uploads\/2025\/04\/IMG_3178-2.jpg\"  data-sub-html=\"<span><\/span>\" data-category=\"1\"                  data-lg-size=\"800-1200\"\n\n      >\n        <figure class=\"ee-gallery-item-figure\">\n                        <img decoding=\"async\" class=\"breakdance-image-object\" src=\"https:\/\/pohjalacatering.ee\/wp-content\/uploads\/2025\/04\/IMG_3178-2-683x1024.jpg\" width=\"683\" height=\"1024\" srcset=\"https:\/\/pohjalacatering.ee\/wp-content\/uploads\/2025\/04\/IMG_3178-2.jpg 800w, https:\/\/pohjalacatering.ee\/wp-content\/uploads\/2025\/04\/IMG_3178-2-200x300.jpg 200w, https:\/\/pohjalacatering.ee\/wp-content\/uploads\/2025\/04\/IMG_3178-2-683x1024.jpg 683w, https:\/\/pohjalacatering.ee\/wp-content\/uploads\/2025\/04\/IMG_3178-2-768x1152.jpg 768w\" sizes=\"auto, (max-width: 800px) 100vw, 800px\" loading=\"lazy\">\n          \n                  <\/figure>\n      <\/a>\n\n                \n      <a class=\"ee-gallery-item ee-gallery-item--image ee-gallery-item--single\" href=\"https:\/\/pohjalacatering.ee\/wp-content\/uploads\/2025\/04\/IMG_0804.jpg\"  data-sub-html=\"<span><\/span>\" data-category=\"1\"                  data-lg-size=\"1512-2016\"\n\n      >\n        <figure class=\"ee-gallery-item-figure\">\n                        <img decoding=\"async\" class=\"breakdance-image-object\" src=\"https:\/\/pohjalacatering.ee\/wp-content\/uploads\/2025\/04\/IMG_0804-768x1024.jpg\" width=\"768\" height=\"1024\" srcset=\"https:\/\/pohjalacatering.ee\/wp-content\/uploads\/2025\/04\/IMG_0804.jpg 1512w, https:\/\/pohjalacatering.ee\/wp-content\/uploads\/2025\/04\/IMG_0804-225x300.jpg 225w, https:\/\/pohjalacatering.ee\/wp-content\/uploads\/2025\/04\/IMG_0804-768x1024.jpg 768w, https:\/\/pohjalacatering.ee\/wp-content\/uploads\/2025\/04\/IMG_0804-1152x1536.jpg 1152w\" sizes=\"auto, (max-width: 1512px) 100vw, 1512px\" loading=\"lazy\">\n          \n                  <\/figure>\n      <\/a>\n\n                \n      <a class=\"ee-gallery-item ee-gallery-item--image ee-gallery-item--single\" href=\"https:\/\/pohjalacatering.ee\/wp-content\/uploads\/2025\/04\/image41-e1549892334242-1.jpg\"  data-sub-html=\"<span><\/span>\" data-category=\"1\"                  data-lg-size=\"724-600\"\n\n      >\n        <figure class=\"ee-gallery-item-figure\">\n                        <img decoding=\"async\" class=\"breakdance-image-object\" src=\"https:\/\/pohjalacatering.ee\/wp-content\/uploads\/2025\/04\/image41-e1549892334242-1.jpg\" width=\"724\" height=\"600\" srcset=\"https:\/\/pohjalacatering.ee\/wp-content\/uploads\/2025\/04\/image41-e1549892334242-1.jpg 724w, https:\/\/pohjalacatering.ee\/wp-content\/uploads\/2025\/04\/image41-e1549892334242-1-300x249.jpg 300w\" sizes=\"auto, (max-width: 724px) 100vw, 724px\" loading=\"lazy\">\n          \n                  <\/figure>\n      <\/a>\n\n                \n      <a class=\"ee-gallery-item ee-gallery-item--image ee-gallery-item--single\" href=\"https:\/\/pohjalacatering.ee\/wp-content\/uploads\/2025\/04\/a-la-carte-catering-Estonia-1.jpg\"  data-sub-html=\"<span><\/span>\" data-category=\"1\"                  data-lg-size=\"2016-1512\"\n\n      >\n        <figure class=\"ee-gallery-item-figure\">\n                        <img decoding=\"async\" class=\"breakdance-image-object\" src=\"https:\/\/pohjalacatering.ee\/wp-content\/uploads\/2025\/04\/a-la-carte-catering-Estonia-1-1024x768.jpg\" width=\"1024\" height=\"768\" srcset=\"https:\/\/pohjalacatering.ee\/wp-content\/uploads\/2025\/04\/a-la-carte-catering-Estonia-1.jpg 2016w, https:\/\/pohjalacatering.ee\/wp-content\/uploads\/2025\/04\/a-la-carte-catering-Estonia-1-300x225.jpg 300w, https:\/\/pohjalacatering.ee\/wp-content\/uploads\/2025\/04\/a-la-carte-catering-Estonia-1-1024x768.jpg 1024w, https:\/\/pohjalacatering.ee\/wp-content\/uploads\/2025\/04\/a-la-carte-catering-Estonia-1-768x576.jpg 768w, https:\/\/pohjalacatering.ee\/wp-content\/uploads\/2025\/04\/a-la-carte-catering-Estonia-1-1536x1152.jpg 1536w\" sizes=\"auto, (max-width: 2016px) 100vw, 2016px\" loading=\"lazy\">\n          \n                  <\/figure>\n      <\/a>\n\n      \n  <\/div>\n\n\n\n<\/div><\/div>\n<\/section>","protected":false},"excerpt":{"rendered":"<p>Private chef EKSKLUSIIVSUS:\u00a0Privaatkoka teenuse puhul koostame vastavalt Teie soovile mitmek\u00e4igulise erimen\u00fc\u00fc, paaritame joogid ja tuleme soovitud asukohta. TIPPTEGIJAD:\u00a0Kaasame sommeljee, baarmani ja parimad kelnerid tagamaks parima v\u00f5imaliku kogemuse. Parimatest parimad \u2013 P\u00f5hjala cateringi personali kogemus on nii rahvusvaheliste 5* hotellide poolelt kui Michelin restoranidest. MOBIILSUS:\u00a0Tuleme kogu varustusega sinu erakoju, jahile, lennukile v\u00f5i maakodusse. Cateringiettev\u00f5ttena on meil [&hellip;]<\/p>\n","protected":false},"author":2,"featured_media":0,"parent":237,"menu_order":0,"comment_status":"closed","ping_status":"closed","template":"","meta":{"_breakdance_hide_in_design_set":false,"_breakdance_tags":"","footnotes":""},"class_list":["post-352","page","type-page","status-publish","hentry"],"yoast_head":"<!-- This site is optimized with the Yoast SEO plugin v27.5 - https:\/\/yoast.com\/product\/yoast-seo-wordpress\/ -->\n<title>Private chef - P&otilde;hjala Catering<\/title>\n<meta name=\"robots\" content=\"index, follow, max-snippet:-1, max-image-preview:large, max-video-preview:-1\" \/>\n<link rel=\"canonical\" href=\"https:\/\/pohjalacatering.ee\/en\/lahendused\/private-chef\/\" \/>\n<meta property=\"og:locale\" content=\"en_US\" \/>\n<meta property=\"og:type\" content=\"article\" \/>\n<meta property=\"og:title\" content=\"Private chef - P&otilde;hjala Catering\" \/>\n<meta property=\"og:description\" content=\"Private chef EKSKLUSIIVSUS:\u00a0Privaatkoka teenuse puhul koostame vastavalt Teie soovile mitmek\u00e4igulise erimen\u00fc\u00fc, paaritame joogid ja tuleme soovitud asukohta. TIPPTEGIJAD:\u00a0Kaasame sommeljee, baarmani ja parimad kelnerid tagamaks parima v\u00f5imaliku kogemuse. Parimatest parimad \u2013 P\u00f5hjala cateringi personali kogemus on nii rahvusvaheliste 5* hotellide poolelt kui Michelin restoranidest. MOBIILSUS:\u00a0Tuleme kogu varustusega sinu erakoju, jahile, lennukile v\u00f5i maakodusse. Cateringiettev\u00f5ttena on meil [&hellip;]\" \/>\n<meta property=\"og:url\" content=\"https:\/\/pohjalacatering.ee\/en\/lahendused\/private-chef\/\" \/>\n<meta property=\"og:site_name\" content=\"P&otilde;hjala Catering\" \/>\n<meta property=\"article:modified_time\" content=\"2025-04-10T08:08:19+00:00\" \/>\n<meta name=\"twitter:card\" content=\"summary_large_image\" \/>\n<script type=\"application\/ld+json\" class=\"yoast-schema-graph\">{\"@context\":\"https:\\\/\\\/schema.org\",\"@graph\":[{\"@type\":\"WebPage\",\"@id\":\"https:\\\/\\\/pohjalacatering.ee\\\/lahendused\\\/private-chef\\\/\",\"url\":\"https:\\\/\\\/pohjalacatering.ee\\\/lahendused\\\/private-chef\\\/\",\"name\":\"Private chef - P&otilde;hjala Catering\",\"isPartOf\":{\"@id\":\"https:\\\/\\\/pohjalacatering.ee\\\/#website\"},\"datePublished\":\"2025-04-10T08:05:40+00:00\",\"dateModified\":\"2025-04-10T08:08:19+00:00\",\"breadcrumb\":{\"@id\":\"https:\\\/\\\/pohjalacatering.ee\\\/lahendused\\\/private-chef\\\/#breadcrumb\"},\"inLanguage\":\"en-US\",\"potentialAction\":[{\"@type\":\"ReadAction\",\"target\":[\"https:\\\/\\\/pohjalacatering.ee\\\/lahendused\\\/private-chef\\\/\"]}]},{\"@type\":\"BreadcrumbList\",\"@id\":\"https:\\\/\\\/pohjalacatering.ee\\\/lahendused\\\/private-chef\\\/#breadcrumb\",\"itemListElement\":[{\"@type\":\"ListItem\",\"position\":1,\"name\":\"Home\",\"item\":\"https:\\\/\\\/pohjalacatering.ee\\\/\"},{\"@type\":\"ListItem\",\"position\":2,\"name\":\"Lahendused\",\"item\":\"https:\\\/\\\/pohjalacatering.ee\\\/lahendused\\\/\"},{\"@type\":\"ListItem\",\"position\":3,\"name\":\"Private chef\"}]},{\"@type\":\"WebSite\",\"@id\":\"https:\\\/\\\/pohjalacatering.ee\\\/#website\",\"url\":\"https:\\\/\\\/pohjalacatering.ee\\\/\",\"name\":\"P&otilde;hjala Catering\",\"description\":\"Naudi head toitu, kohalikku toitu\",\"potentialAction\":[{\"@type\":\"SearchAction\",\"target\":{\"@type\":\"EntryPoint\",\"urlTemplate\":\"https:\\\/\\\/pohjalacatering.ee\\\/?s={search_term_string}\"},\"query-input\":{\"@type\":\"PropertyValueSpecification\",\"valueRequired\":true,\"valueName\":\"search_term_string\"}}],\"inLanguage\":\"en-US\"}]}<\/script>\n<!-- \/ Yoast SEO plugin. -->","yoast_head_json":{"title":"Private chef - P&otilde;hjala Catering","robots":{"index":"index","follow":"follow","max-snippet":"max-snippet:-1","max-image-preview":"max-image-preview:large","max-video-preview":"max-video-preview:-1"},"canonical":"https:\/\/pohjalacatering.ee\/en\/lahendused\/private-chef\/","og_locale":"en_US","og_type":"article","og_title":"Private chef - P&otilde;hjala Catering","og_description":"Private chef EKSKLUSIIVSUS:\u00a0Privaatkoka teenuse puhul koostame vastavalt Teie soovile mitmek\u00e4igulise erimen\u00fc\u00fc, paaritame joogid ja tuleme soovitud asukohta. TIPPTEGIJAD:\u00a0Kaasame sommeljee, baarmani ja parimad kelnerid tagamaks parima v\u00f5imaliku kogemuse. Parimatest parimad \u2013 P\u00f5hjala cateringi personali kogemus on nii rahvusvaheliste 5* hotellide poolelt kui Michelin restoranidest. MOBIILSUS:\u00a0Tuleme kogu varustusega sinu erakoju, jahile, lennukile v\u00f5i maakodusse. Cateringiettev\u00f5ttena on meil [&hellip;]","og_url":"https:\/\/pohjalacatering.ee\/en\/lahendused\/private-chef\/","og_site_name":"P&otilde;hjala Catering","article_modified_time":"2025-04-10T08:08:19+00:00","twitter_card":"summary_large_image","schema":{"@context":"https:\/\/schema.org","@graph":[{"@type":"WebPage","@id":"https:\/\/pohjalacatering.ee\/lahendused\/private-chef\/","url":"https:\/\/pohjalacatering.ee\/lahendused\/private-chef\/","name":"Private chef - P&otilde;hjala Catering","isPartOf":{"@id":"https:\/\/pohjalacatering.ee\/#website"},"datePublished":"2025-04-10T08:05:40+00:00","dateModified":"2025-04-10T08:08:19+00:00","breadcrumb":{"@id":"https:\/\/pohjalacatering.ee\/lahendused\/private-chef\/#breadcrumb"},"inLanguage":"en-US","potentialAction":[{"@type":"ReadAction","target":["https:\/\/pohjalacatering.ee\/lahendused\/private-chef\/"]}]},{"@type":"BreadcrumbList","@id":"https:\/\/pohjalacatering.ee\/lahendused\/private-chef\/#breadcrumb","itemListElement":[{"@type":"ListItem","position":1,"name":"Home","item":"https:\/\/pohjalacatering.ee\/"},{"@type":"ListItem","position":2,"name":"Lahendused","item":"https:\/\/pohjalacatering.ee\/lahendused\/"},{"@type":"ListItem","position":3,"name":"Private chef"}]},{"@type":"WebSite","@id":"https:\/\/pohjalacatering.ee\/#website","url":"https:\/\/pohjalacatering.ee\/","name":"P\u00f5hjala Catering","description":"Enjoy good food, local food","potentialAction":[{"@type":"SearchAction","target":{"@type":"EntryPoint","urlTemplate":"https:\/\/pohjalacatering.ee\/?s={search_term_string}"},"query-input":{"@type":"PropertyValueSpecification","valueRequired":true,"valueName":"search_term_string"}}],"inLanguage":"en-US"}]}},"_links":{"self":[{"href":"https:\/\/pohjalacatering.ee\/en\/wp-json\/wp\/v2\/pages\/352","targetHints":{"allow":["GET"]}}],"collection":[{"href":"https:\/\/pohjalacatering.ee\/en\/wp-json\/wp\/v2\/pages"}],"about":[{"href":"https:\/\/pohjalacatering.ee\/en\/wp-json\/wp\/v2\/types\/page"}],"author":[{"embeddable":true,"href":"https:\/\/pohjalacatering.ee\/en\/wp-json\/wp\/v2\/users\/2"}],"replies":[{"embeddable":true,"href":"https:\/\/pohjalacatering.ee\/en\/wp-json\/wp\/v2\/comments?post=352"}],"version-history":[{"count":5,"href":"https:\/\/pohjalacatering.ee\/en\/wp-json\/wp\/v2\/pages\/352\/revisions"}],"predecessor-version":[{"id":374,"href":"https:\/\/pohjalacatering.ee\/en\/wp-json\/wp\/v2\/pages\/352\/revisions\/374"}],"up":[{"embeddable":true,"href":"https:\/\/pohjalacatering.ee\/en\/wp-json\/wp\/v2\/pages\/237"}],"wp:attachment":[{"href":"https:\/\/pohjalacatering.ee\/en\/wp-json\/wp\/v2\/media?parent=352"}],"curies":[{"name":"wp","href":"https:\/\/api.w.org\/{rel}","templated":true}]}}