{"id":321,"date":"2025-04-10T08:00:31","date_gmt":"2025-04-10T08:00:31","guid":{"rendered":"https:\/\/pohjalacatering.ee\/?page_id=321"},"modified":"2025-04-10T08:02:36","modified_gmt":"2025-04-10T08:02:36","slug":"canape","status":"publish","type":"page","link":"https:\/\/pohjalacatering.ee\/en\/lahendused\/canape\/","title":{"rendered":"Canap\u00e9"},"content":{"rendered":"<section class=\"bde-section-321-100 bde-section\">\n              \n  \n  \n\t\n\n  <div class=\"section-background-overlay\"><\/div>\n\n\n<div class=\"section-container\"><h1 class=\"bde-heading-321-101 bde-heading\">\nCanap\u00e9 reception\n<\/h1><\/div>\n<\/section><section class=\"bde-section-321-102 bde-section\">\n  \n  \n\t\n\n\n\n<div class=\"section-container\"><div class=\"bde-columns-321-103 bde-columns\"><div class=\"bde-column-321-104 bde-column\">\n  \n  \n\t\n\n\n\n<div class=\"bde-rich-text-321-105 bde-rich-text breakdance-rich-text-styles\">\n<p><strong>CANAP\u00c9:<\/strong>\u00a0One-sip snacks, or canap\u00e9s, are rich flavour bombs, suitable for a variety of upright receptions, customer events and product launches, for example. Our solutions and menus provide for broadly 3 different types of snacks, which can also be combined with each other<\/p>\n<ul>\n<li>standard gourmet snacks from our menu 0,9-1,5\u20ac+km\/snack.<\/li>\n<li>chef's signature snacks, unique and intricately designed masterpieces that are finished on the spot by the chefs approx 1,5-3\u20ac+km\/snack.<\/li>\n<li>Special menu snacks designed for a specific event (e.g. theme parties, unique\/unprecedented menu, black food, brand association) 1,5-3\u20ac+km\/snack.<\/li>\n<\/ul>\n<p><strong>DISAIN:<\/strong>\u00a0Specially shaped pans, additional effects with dry ice and other special designs for serving always interest and challenge us. As they say - we invented this game.<\/p>\n<p><strong>MAITSED:<\/strong>\u00a0We have a really wide choice of snacks. Flavour palettes, techniques, molecular gastronomy, taste sensations. The result of the process of creating a 5* appetizer must be visually stunning, but visual spectacle must not compromise the perfect taste experience. This is true both for traditional flavours and for fusion combinations of different cuisines.<\/p>\n<p><strong>SPECIFICITY:<\/strong>\u00a0Our snacks are real, technically advanced and visually beautiful with a story to tell.<\/p>\n<\/div>\n<\/div><\/div><div class=\"bde-gallery-321-106 bde-gallery\">\n\n\n  \n\n\n\n\n\n\n\n\n\n\n<div class=\"ee-gallery ee-gallery--default ee-gallery--grid ee-gallery--single ee-gallery--lightbox ee-gallery-- ee-gallery--caption- ee-gallery--caption-none ee-gallery--ratio\">\n                  \n      <a class=\"ee-gallery-item ee-gallery-item--image ee-gallery-item--single\" href=\"https:\/\/pohjalacatering.ee\/wp-content\/uploads\/2025\/04\/riisalu1.jpg\"  data-sub-html=\"<span><\/span>\" data-category=\"1\"                  data-lg-size=\"907-605\"\n\n      >\n        <figure class=\"ee-gallery-item-figure\">\n                        <img decoding=\"async\" class=\"breakdance-image-object\" src=\"https:\/\/pohjalacatering.ee\/wp-content\/uploads\/2025\/04\/riisalu1.jpg\" width=\"907\" height=\"605\" srcset=\"https:\/\/pohjalacatering.ee\/wp-content\/uploads\/2025\/04\/riisalu1.jpg 907w, https:\/\/pohjalacatering.ee\/wp-content\/uploads\/2025\/04\/riisalu1-300x200.jpg 300w, https:\/\/pohjalacatering.ee\/wp-content\/uploads\/2025\/04\/riisalu1-768x512.jpg 768w\" sizes=\"auto, (max-width: 907px) 100vw, 907px\" loading=\"lazy\">\n          \n                  <\/figure>\n      <\/a>\n\n                \n      <a class=\"ee-gallery-item ee-gallery-item--image ee-gallery-item--single\" href=\"https:\/\/pohjalacatering.ee\/wp-content\/uploads\/2025\/04\/Suupistegr-e1549892800483.jpeg\"  data-sub-html=\"<span><\/span>\" data-category=\"1\"                  data-lg-size=\"801-600\"\n\n      >\n        <figure class=\"ee-gallery-item-figure\">\n                        <img decoding=\"async\" class=\"breakdance-image-object\" src=\"https:\/\/pohjalacatering.ee\/wp-content\/uploads\/2025\/04\/Suupistegr-e1549892800483.jpeg\" width=\"801\" height=\"600\" srcset=\"https:\/\/pohjalacatering.ee\/wp-content\/uploads\/2025\/04\/Suupistegr-e1549892800483.jpeg 801w, https:\/\/pohjalacatering.ee\/wp-content\/uploads\/2025\/04\/Suupistegr-e1549892800483-300x225.jpeg 300w, https:\/\/pohjalacatering.ee\/wp-content\/uploads\/2025\/04\/Suupistegr-e1549892800483-768x575.jpeg 768w\" sizes=\"auto, (max-width: 801px) 100vw, 801px\" loading=\"lazy\">\n          \n                  <\/figure>\n      <\/a>\n\n                \n      <a class=\"ee-gallery-item ee-gallery-item--image ee-gallery-item--single\" href=\"https:\/\/pohjalacatering.ee\/wp-content\/uploads\/2025\/04\/Isis-2-e1549892706737.jpg\"  data-sub-html=\"<span><\/span>\" data-category=\"1\"                  data-lg-size=\"801-600\"\n\n      >\n        <figure class=\"ee-gallery-item-figure\">\n                        <img decoding=\"async\" class=\"breakdance-image-object\" src=\"https:\/\/pohjalacatering.ee\/wp-content\/uploads\/2025\/04\/Isis-2-e1549892706737.jpg\" width=\"801\" height=\"600\" srcset=\"https:\/\/pohjalacatering.ee\/wp-content\/uploads\/2025\/04\/Isis-2-e1549892706737.jpg 801w, https:\/\/pohjalacatering.ee\/wp-content\/uploads\/2025\/04\/Isis-2-e1549892706737-300x225.jpg 300w, https:\/\/pohjalacatering.ee\/wp-content\/uploads\/2025\/04\/Isis-2-e1549892706737-768x575.jpg 768w\" sizes=\"auto, (max-width: 801px) 100vw, 801px\" loading=\"lazy\">\n          \n                  <\/figure>\n      <\/a>\n\n                \n      <a class=\"ee-gallery-item ee-gallery-item--image ee-gallery-item--single\" href=\"https:\/\/pohjalacatering.ee\/wp-content\/uploads\/2025\/04\/IMG_4225.jpg\"  data-sub-html=\"<span><\/span>\" data-category=\"1\"                  data-lg-size=\"1512-2016\"\n\n      >\n        <figure class=\"ee-gallery-item-figure\">\n                        <img decoding=\"async\" class=\"breakdance-image-object\" src=\"https:\/\/pohjalacatering.ee\/wp-content\/uploads\/2025\/04\/IMG_4225-768x1024.jpg\" width=\"768\" height=\"1024\" srcset=\"https:\/\/pohjalacatering.ee\/wp-content\/uploads\/2025\/04\/IMG_4225.jpg 1512w, https:\/\/pohjalacatering.ee\/wp-content\/uploads\/2025\/04\/IMG_4225-225x300.jpg 225w, https:\/\/pohjalacatering.ee\/wp-content\/uploads\/2025\/04\/IMG_4225-768x1024.jpg 768w, https:\/\/pohjalacatering.ee\/wp-content\/uploads\/2025\/04\/IMG_4225-1152x1536.jpg 1152w\" sizes=\"auto, (max-width: 1512px) 100vw, 1512px\" loading=\"lazy\">\n          \n                  <\/figure>\n      <\/a>\n\n                \n      <a class=\"ee-gallery-item ee-gallery-item--image ee-gallery-item--single\" href=\"https:\/\/pohjalacatering.ee\/wp-content\/uploads\/2025\/04\/IMG_8755.jpg\"  data-sub-html=\"<span><\/span>\" data-category=\"1\"                  data-lg-size=\"1512-2016\"\n\n      >\n        <figure class=\"ee-gallery-item-figure\">\n                        <img decoding=\"async\" class=\"breakdance-image-object\" src=\"https:\/\/pohjalacatering.ee\/wp-content\/uploads\/2025\/04\/IMG_8755-768x1024.jpg\" width=\"768\" height=\"1024\" srcset=\"https:\/\/pohjalacatering.ee\/wp-content\/uploads\/2025\/04\/IMG_8755.jpg 1512w, https:\/\/pohjalacatering.ee\/wp-content\/uploads\/2025\/04\/IMG_8755-225x300.jpg 225w, https:\/\/pohjalacatering.ee\/wp-content\/uploads\/2025\/04\/IMG_8755-768x1024.jpg 768w, https:\/\/pohjalacatering.ee\/wp-content\/uploads\/2025\/04\/IMG_8755-1152x1536.jpg 1152w\" sizes=\"auto, (max-width: 1512px) 100vw, 1512px\" loading=\"lazy\">\n          \n                  <\/figure>\n      <\/a>\n\n                \n      <a class=\"ee-gallery-item ee-gallery-item--image ee-gallery-item--single\" href=\"https:\/\/pohjalacatering.ee\/wp-content\/uploads\/2025\/04\/IMG_3304.jpg\"  data-sub-html=\"<span><\/span>\" data-category=\"1\"                  data-lg-size=\"752-1008\"\n\n      >\n        <figure class=\"ee-gallery-item-figure\">\n                        <img decoding=\"async\" class=\"breakdance-image-object\" src=\"https:\/\/pohjalacatering.ee\/wp-content\/uploads\/2025\/04\/IMG_3304.jpg\" width=\"752\" height=\"1008\" srcset=\"https:\/\/pohjalacatering.ee\/wp-content\/uploads\/2025\/04\/IMG_3304.jpg 752w, https:\/\/pohjalacatering.ee\/wp-content\/uploads\/2025\/04\/IMG_3304-224x300.jpg 224w\" sizes=\"auto, (max-width: 752px) 100vw, 752px\" loading=\"lazy\">\n          \n                  <\/figure>\n      <\/a>\n\n                \n      <a class=\"ee-gallery-item ee-gallery-item--image ee-gallery-item--single\" href=\"https:\/\/pohjalacatering.ee\/wp-content\/uploads\/2025\/04\/IMG_0385.jpg\"  data-sub-html=\"<span><\/span>\" data-category=\"1\"                  data-lg-size=\"1512-2016\"\n\n      >\n        <figure class=\"ee-gallery-item-figure\">\n                        <img decoding=\"async\" class=\"breakdance-image-object\" src=\"https:\/\/pohjalacatering.ee\/wp-content\/uploads\/2025\/04\/IMG_0385-768x1024.jpg\" width=\"768\" height=\"1024\" srcset=\"https:\/\/pohjalacatering.ee\/wp-content\/uploads\/2025\/04\/IMG_0385.jpg 1512w, https:\/\/pohjalacatering.ee\/wp-content\/uploads\/2025\/04\/IMG_0385-225x300.jpg 225w, https:\/\/pohjalacatering.ee\/wp-content\/uploads\/2025\/04\/IMG_0385-768x1024.jpg 768w, https:\/\/pohjalacatering.ee\/wp-content\/uploads\/2025\/04\/IMG_0385-1152x1536.jpg 1152w\" sizes=\"auto, (max-width: 1512px) 100vw, 1512px\" loading=\"lazy\">\n          \n                  <\/figure>\n      <\/a>\n\n      \n  <\/div>\n\n\n\n<\/div><\/div>\n<\/section>","protected":false},"excerpt":{"rendered":"<p>Canap\u00e9 vastuv\u00f5tt CANAP\u00c9:\u00a0\u00dche ampsu suupisted ehk canap\u00e9-d on rikkalikud maitsepommid, mis sobivad erinevatele p\u00fcstijala vastuv\u00f5ttudele, kliendis\u00fcndmustele ja n\u00e4iteks toote lan\u0161eerimistele. Meie lahendused ja men\u00fc\u00fcd n\u00e4evad ette laias laastus 3 eri t\u00fc\u00fcp suupisteid, mida on v\u00f5imalik ka omavahel kombineerida tavap\u00e4rased gurmeesuupisted meie men\u00fc\u00fcst 0,9-1,5\u20ac+km\/suupiste peakoka signatuur suupisted ehk ainulaadsed ja keerulise \u00fclesehitusega meistriteosed mis viimistletakse koha [&hellip;]<\/p>\n","protected":false},"author":2,"featured_media":0,"parent":237,"menu_order":0,"comment_status":"closed","ping_status":"closed","template":"","meta":{"_breakdance_hide_in_design_set":false,"_breakdance_tags":"","footnotes":""},"class_list":["post-321","page","type-page","status-publish","hentry"],"yoast_head":"<!-- This site is optimized with the Yoast SEO plugin v27.4 - https:\/\/yoast.com\/product\/yoast-seo-wordpress\/ -->\n<title>Canap\u00e9 - P&otilde;hjala Catering<\/title>\n<meta name=\"robots\" content=\"index, follow, max-snippet:-1, max-image-preview:large, max-video-preview:-1\" \/>\n<link rel=\"canonical\" href=\"https:\/\/pohjalacatering.ee\/en\/lahendused\/canape\/\" \/>\n<meta property=\"og:locale\" content=\"en_US\" \/>\n<meta property=\"og:type\" content=\"article\" \/>\n<meta property=\"og:title\" content=\"Canap\u00e9 - P&otilde;hjala Catering\" \/>\n<meta property=\"og:description\" content=\"Canap\u00e9 vastuv\u00f5tt CANAP\u00c9:\u00a0\u00dche ampsu suupisted ehk canap\u00e9-d on rikkalikud maitsepommid, mis sobivad erinevatele p\u00fcstijala vastuv\u00f5ttudele, kliendis\u00fcndmustele ja n\u00e4iteks toote lan\u0161eerimistele. Meie lahendused ja men\u00fc\u00fcd n\u00e4evad ette laias laastus 3 eri t\u00fc\u00fcp suupisteid, mida on v\u00f5imalik ka omavahel kombineerida tavap\u00e4rased gurmeesuupisted meie men\u00fc\u00fcst 0,9-1,5\u20ac+km\/suupiste peakoka signatuur suupisted ehk ainulaadsed ja keerulise \u00fclesehitusega meistriteosed mis viimistletakse koha [&hellip;]\" \/>\n<meta property=\"og:url\" content=\"https:\/\/pohjalacatering.ee\/en\/lahendused\/canape\/\" \/>\n<meta property=\"og:site_name\" content=\"P&otilde;hjala Catering\" \/>\n<meta property=\"article:modified_time\" content=\"2025-04-10T08:02:36+00:00\" \/>\n<meta name=\"twitter:card\" content=\"summary_large_image\" \/>\n<script type=\"application\/ld+json\" class=\"yoast-schema-graph\">{\"@context\":\"https:\\\/\\\/schema.org\",\"@graph\":[{\"@type\":\"WebPage\",\"@id\":\"https:\\\/\\\/pohjalacatering.ee\\\/lahendused\\\/canape\\\/\",\"url\":\"https:\\\/\\\/pohjalacatering.ee\\\/lahendused\\\/canape\\\/\",\"name\":\"Canap\u00e9 - P&otilde;hjala Catering\",\"isPartOf\":{\"@id\":\"https:\\\/\\\/pohjalacatering.ee\\\/#website\"},\"datePublished\":\"2025-04-10T08:00:31+00:00\",\"dateModified\":\"2025-04-10T08:02:36+00:00\",\"breadcrumb\":{\"@id\":\"https:\\\/\\\/pohjalacatering.ee\\\/lahendused\\\/canape\\\/#breadcrumb\"},\"inLanguage\":\"en-US\",\"potentialAction\":[{\"@type\":\"ReadAction\",\"target\":[\"https:\\\/\\\/pohjalacatering.ee\\\/lahendused\\\/canape\\\/\"]}]},{\"@type\":\"BreadcrumbList\",\"@id\":\"https:\\\/\\\/pohjalacatering.ee\\\/lahendused\\\/canape\\\/#breadcrumb\",\"itemListElement\":[{\"@type\":\"ListItem\",\"position\":1,\"name\":\"Home\",\"item\":\"https:\\\/\\\/pohjalacatering.ee\\\/\"},{\"@type\":\"ListItem\",\"position\":2,\"name\":\"Lahendused\",\"item\":\"https:\\\/\\\/pohjalacatering.ee\\\/lahendused\\\/\"},{\"@type\":\"ListItem\",\"position\":3,\"name\":\"Canap\u00e9\"}]},{\"@type\":\"WebSite\",\"@id\":\"https:\\\/\\\/pohjalacatering.ee\\\/#website\",\"url\":\"https:\\\/\\\/pohjalacatering.ee\\\/\",\"name\":\"P&otilde;hjala Catering\",\"description\":\"Naudi head toitu, kohalikku toitu\",\"potentialAction\":[{\"@type\":\"SearchAction\",\"target\":{\"@type\":\"EntryPoint\",\"urlTemplate\":\"https:\\\/\\\/pohjalacatering.ee\\\/?s={search_term_string}\"},\"query-input\":{\"@type\":\"PropertyValueSpecification\",\"valueRequired\":true,\"valueName\":\"search_term_string\"}}],\"inLanguage\":\"en-US\"}]}<\/script>\n<!-- \/ Yoast SEO plugin. -->","yoast_head_json":{"title":"Canap\u00e9 - P&otilde;hjala Catering","robots":{"index":"index","follow":"follow","max-snippet":"max-snippet:-1","max-image-preview":"max-image-preview:large","max-video-preview":"max-video-preview:-1"},"canonical":"https:\/\/pohjalacatering.ee\/en\/lahendused\/canape\/","og_locale":"en_US","og_type":"article","og_title":"Canap\u00e9 - P&otilde;hjala Catering","og_description":"Canap\u00e9 vastuv\u00f5tt CANAP\u00c9:\u00a0\u00dche ampsu suupisted ehk canap\u00e9-d on rikkalikud maitsepommid, mis sobivad erinevatele p\u00fcstijala vastuv\u00f5ttudele, kliendis\u00fcndmustele ja n\u00e4iteks toote lan\u0161eerimistele. Meie lahendused ja men\u00fc\u00fcd n\u00e4evad ette laias laastus 3 eri t\u00fc\u00fcp suupisteid, mida on v\u00f5imalik ka omavahel kombineerida tavap\u00e4rased gurmeesuupisted meie men\u00fc\u00fcst 0,9-1,5\u20ac+km\/suupiste peakoka signatuur suupisted ehk ainulaadsed ja keerulise \u00fclesehitusega meistriteosed mis viimistletakse koha [&hellip;]","og_url":"https:\/\/pohjalacatering.ee\/en\/lahendused\/canape\/","og_site_name":"P&otilde;hjala Catering","article_modified_time":"2025-04-10T08:02:36+00:00","twitter_card":"summary_large_image","schema":{"@context":"https:\/\/schema.org","@graph":[{"@type":"WebPage","@id":"https:\/\/pohjalacatering.ee\/lahendused\/canape\/","url":"https:\/\/pohjalacatering.ee\/lahendused\/canape\/","name":"Canap\u00e9 - P&otilde;hjala Catering","isPartOf":{"@id":"https:\/\/pohjalacatering.ee\/#website"},"datePublished":"2025-04-10T08:00:31+00:00","dateModified":"2025-04-10T08:02:36+00:00","breadcrumb":{"@id":"https:\/\/pohjalacatering.ee\/lahendused\/canape\/#breadcrumb"},"inLanguage":"en-US","potentialAction":[{"@type":"ReadAction","target":["https:\/\/pohjalacatering.ee\/lahendused\/canape\/"]}]},{"@type":"BreadcrumbList","@id":"https:\/\/pohjalacatering.ee\/lahendused\/canape\/#breadcrumb","itemListElement":[{"@type":"ListItem","position":1,"name":"Home","item":"https:\/\/pohjalacatering.ee\/"},{"@type":"ListItem","position":2,"name":"Lahendused","item":"https:\/\/pohjalacatering.ee\/lahendused\/"},{"@type":"ListItem","position":3,"name":"Canap\u00e9"}]},{"@type":"WebSite","@id":"https:\/\/pohjalacatering.ee\/#website","url":"https:\/\/pohjalacatering.ee\/","name":"P\u00f5hjala Catering","description":"Enjoy good food, local food","potentialAction":[{"@type":"SearchAction","target":{"@type":"EntryPoint","urlTemplate":"https:\/\/pohjalacatering.ee\/?s={search_term_string}"},"query-input":{"@type":"PropertyValueSpecification","valueRequired":true,"valueName":"search_term_string"}}],"inLanguage":"en-US"}]}},"_links":{"self":[{"href":"https:\/\/pohjalacatering.ee\/en\/wp-json\/wp\/v2\/pages\/321","targetHints":{"allow":["GET"]}}],"collection":[{"href":"https:\/\/pohjalacatering.ee\/en\/wp-json\/wp\/v2\/pages"}],"about":[{"href":"https:\/\/pohjalacatering.ee\/en\/wp-json\/wp\/v2\/types\/page"}],"author":[{"embeddable":true,"href":"https:\/\/pohjalacatering.ee\/en\/wp-json\/wp\/v2\/users\/2"}],"replies":[{"embeddable":true,"href":"https:\/\/pohjalacatering.ee\/en\/wp-json\/wp\/v2\/comments?post=321"}],"version-history":[{"count":3,"href":"https:\/\/pohjalacatering.ee\/en\/wp-json\/wp\/v2\/pages\/321\/revisions"}],"predecessor-version":[{"id":331,"href":"https:\/\/pohjalacatering.ee\/en\/wp-json\/wp\/v2\/pages\/321\/revisions\/331"}],"up":[{"embeddable":true,"href":"https:\/\/pohjalacatering.ee\/en\/wp-json\/wp\/v2\/pages\/237"}],"wp:attachment":[{"href":"https:\/\/pohjalacatering.ee\/en\/wp-json\/wp\/v2\/media?parent=321"}],"curies":[{"name":"wp","href":"https:\/\/api.w.org\/{rel}","templated":true}]}}