{"id":306,"date":"2025-04-10T07:57:41","date_gmt":"2025-04-10T07:57:41","guid":{"rendered":"https:\/\/pohjalacatering.ee\/?page_id=306"},"modified":"2025-04-10T07:59:55","modified_gmt":"2025-04-10T07:59:55","slug":"jagatavad-vaagnad","status":"publish","type":"page","link":"https:\/\/pohjalacatering.ee\/en\/lahendused\/jagatavad-vaagnad\/","title":{"rendered":"Divisible ponds"},"content":{"rendered":"<section class=\"bde-section-306-100 bde-section\">\n              \n  \n  \n\t\n\n  <div class=\"section-background-overlay\"><\/div>\n\n\n<div class=\"section-container\"><h1 class=\"bde-heading-306-101 bde-heading\">\nDivisible ponds\n<\/h1><\/div>\n<\/section><section class=\"bde-section-306-102 bde-section\">\n  \n  \n\t\n\n\n\n<div class=\"section-container\"><div class=\"bde-columns-306-103 bde-columns\"><div class=\"bde-column-306-104 bde-column\">\n  \n  \n\t\n\n\n\n<div class=\"bde-rich-text-306-105 bde-rich-text breakdance-rich-text-styles\">\n<p><strong>WHAT IS IT?\u00a0<\/strong>Divisible ponds or\u00a0<em>sharing plates<\/em>\u00a0is a catering format where all food is served directly to the guests in shared plates.<\/p>\n<p><strong>GREATER OPPORTUNITIES:<\/strong>\u00a0A more personalised solution than a buffet, more comfortable for the guest, no queues and visually beautiful. Please note that sharing platters require chefs on site and the quantity of food must be larger than for a buffet. Creates significantly more options compared to a buffet, as chefs can also serve dishes that can't be transported or don't stand for long periods of time when ready. It is also suitable if there is no space for a buffet in the banqueting room, but there is enough space next to the buffet for the chefs to work.<\/p>\n<p>Menu price cold starters + hot mains 20-40\u20ac+km<\/p>\n<\/div>\n<\/div><\/div><div class=\"bde-gallery-306-106 bde-gallery\">\n\n\n  \n\n\n\n\n\n\n\n\n\n\n<div class=\"ee-gallery ee-gallery--default ee-gallery--grid ee-gallery--single ee-gallery--lightbox ee-gallery-- ee-gallery--caption- ee-gallery--caption-none ee-gallery--ratio\">\n                  \n      <a class=\"ee-gallery-item ee-gallery-item--image ee-gallery-item--single\" href=\"https:\/\/pohjalacatering.ee\/wp-content\/uploads\/2025\/04\/8F1E575D-0C42-4E90-95A1-8999FF643EFF.jpg\"  data-sub-html=\"<span><\/span>\" data-category=\"1\"                  data-lg-size=\"828-828\"\n\n      >\n        <figure class=\"ee-gallery-item-figure\">\n                        <img decoding=\"async\" class=\"breakdance-image-object\" src=\"https:\/\/pohjalacatering.ee\/wp-content\/uploads\/2025\/04\/8F1E575D-0C42-4E90-95A1-8999FF643EFF.jpg\" width=\"828\" height=\"828\" srcset=\"https:\/\/pohjalacatering.ee\/wp-content\/uploads\/2025\/04\/8F1E575D-0C42-4E90-95A1-8999FF643EFF.jpg 828w, https:\/\/pohjalacatering.ee\/wp-content\/uploads\/2025\/04\/8F1E575D-0C42-4E90-95A1-8999FF643EFF-300x300.jpg 300w, https:\/\/pohjalacatering.ee\/wp-content\/uploads\/2025\/04\/8F1E575D-0C42-4E90-95A1-8999FF643EFF-150x150.jpg 150w, https:\/\/pohjalacatering.ee\/wp-content\/uploads\/2025\/04\/8F1E575D-0C42-4E90-95A1-8999FF643EFF-768x768.jpg 768w\" sizes=\"auto, (max-width: 828px) 100vw, 828px\" loading=\"lazy\">\n          \n                  <\/figure>\n      <\/a>\n\n                \n      <a class=\"ee-gallery-item ee-gallery-item--image ee-gallery-item--single\" href=\"https:\/\/pohjalacatering.ee\/wp-content\/uploads\/2025\/04\/9C2B523E-9BF3-47E1-B41C-DE950793466E-2.jpg\"  data-sub-html=\"<span><\/span>\" data-category=\"1\"                  data-lg-size=\"1512-1890\"\n\n      >\n        <figure class=\"ee-gallery-item-figure\">\n                        <img decoding=\"async\" class=\"breakdance-image-object\" src=\"https:\/\/pohjalacatering.ee\/wp-content\/uploads\/2025\/04\/9C2B523E-9BF3-47E1-B41C-DE950793466E-2-819x1024.jpg\" width=\"819\" height=\"1024\" srcset=\"https:\/\/pohjalacatering.ee\/wp-content\/uploads\/2025\/04\/9C2B523E-9BF3-47E1-B41C-DE950793466E-2.jpg 1512w, https:\/\/pohjalacatering.ee\/wp-content\/uploads\/2025\/04\/9C2B523E-9BF3-47E1-B41C-DE950793466E-2-240x300.jpg 240w, https:\/\/pohjalacatering.ee\/wp-content\/uploads\/2025\/04\/9C2B523E-9BF3-47E1-B41C-DE950793466E-2-819x1024.jpg 819w, https:\/\/pohjalacatering.ee\/wp-content\/uploads\/2025\/04\/9C2B523E-9BF3-47E1-B41C-DE950793466E-2-768x960.jpg 768w, https:\/\/pohjalacatering.ee\/wp-content\/uploads\/2025\/04\/9C2B523E-9BF3-47E1-B41C-DE950793466E-2-1229x1536.jpg 1229w\" sizes=\"auto, (max-width: 1512px) 100vw, 1512px\" loading=\"lazy\">\n          \n                  <\/figure>\n      <\/a>\n\n                \n      <a class=\"ee-gallery-item ee-gallery-item--image ee-gallery-item--single\" href=\"https:\/\/pohjalacatering.ee\/wp-content\/uploads\/2025\/04\/118231405_754069038706168_5248049094793515855_n.jpg\"  data-sub-html=\"<span><\/span>\" data-category=\"1\"                  data-lg-size=\"828-1035\"\n\n      >\n        <figure class=\"ee-gallery-item-figure\">\n                        <img decoding=\"async\" class=\"breakdance-image-object\" src=\"https:\/\/pohjalacatering.ee\/wp-content\/uploads\/2025\/04\/118231405_754069038706168_5248049094793515855_n-819x1024.jpg\" width=\"819\" height=\"1024\" srcset=\"https:\/\/pohjalacatering.ee\/wp-content\/uploads\/2025\/04\/118231405_754069038706168_5248049094793515855_n.jpg 828w, https:\/\/pohjalacatering.ee\/wp-content\/uploads\/2025\/04\/118231405_754069038706168_5248049094793515855_n-240x300.jpg 240w, https:\/\/pohjalacatering.ee\/wp-content\/uploads\/2025\/04\/118231405_754069038706168_5248049094793515855_n-819x1024.jpg 819w, https:\/\/pohjalacatering.ee\/wp-content\/uploads\/2025\/04\/118231405_754069038706168_5248049094793515855_n-768x960.jpg 768w\" sizes=\"auto, (max-width: 828px) 100vw, 828px\" loading=\"lazy\">\n          \n                  <\/figure>\n      <\/a>\n\n                \n      <a class=\"ee-gallery-item ee-gallery-item--image ee-gallery-item--single\" href=\"https:\/\/pohjalacatering.ee\/wp-content\/uploads\/2025\/04\/118769827_315324836348778_8565227155679766168_n-1.jpg\"  data-sub-html=\"<span><\/span>\" data-category=\"1\"                  data-lg-size=\"828-621\"\n\n      >\n        <figure class=\"ee-gallery-item-figure\">\n                        <img decoding=\"async\" class=\"breakdance-image-object\" src=\"https:\/\/pohjalacatering.ee\/wp-content\/uploads\/2025\/04\/118769827_315324836348778_8565227155679766168_n-1.jpg\" width=\"828\" height=\"621\" srcset=\"https:\/\/pohjalacatering.ee\/wp-content\/uploads\/2025\/04\/118769827_315324836348778_8565227155679766168_n-1.jpg 828w, https:\/\/pohjalacatering.ee\/wp-content\/uploads\/2025\/04\/118769827_315324836348778_8565227155679766168_n-1-300x225.jpg 300w, https:\/\/pohjalacatering.ee\/wp-content\/uploads\/2025\/04\/118769827_315324836348778_8565227155679766168_n-1-768x576.jpg 768w\" sizes=\"auto, (max-width: 828px) 100vw, 828px\" loading=\"lazy\">\n          \n                  <\/figure>\n      <\/a>\n\n                \n      <a class=\"ee-gallery-item ee-gallery-item--image ee-gallery-item--single\" href=\"https:\/\/pohjalacatering.ee\/wp-content\/uploads\/2025\/04\/a-la-carte-catering-tallinn.jpg\"  data-sub-html=\"<span><\/span>\" data-category=\"1\"                  data-lg-size=\"752-909\"\n\n      >\n        <figure class=\"ee-gallery-item-figure\">\n                        <img decoding=\"async\" class=\"breakdance-image-object\" src=\"https:\/\/pohjalacatering.ee\/wp-content\/uploads\/2025\/04\/a-la-carte-catering-tallinn.jpg\" width=\"752\" height=\"909\" srcset=\"https:\/\/pohjalacatering.ee\/wp-content\/uploads\/2025\/04\/a-la-carte-catering-tallinn.jpg 752w, https:\/\/pohjalacatering.ee\/wp-content\/uploads\/2025\/04\/a-la-carte-catering-tallinn-248x300.jpg 248w\" sizes=\"auto, (max-width: 752px) 100vw, 752px\" loading=\"lazy\">\n          \n                  <\/figure>\n      <\/a>\n\n                \n      <a class=\"ee-gallery-item ee-gallery-item--image ee-gallery-item--single\" href=\"https:\/\/pohjalacatering.ee\/wp-content\/uploads\/2025\/04\/catering-roosiaed.jpg\"  data-sub-html=\"<span><\/span>\" data-category=\"1\"                  data-lg-size=\"1512-2016\"\n\n      >\n        <figure class=\"ee-gallery-item-figure\">\n                        <img decoding=\"async\" class=\"breakdance-image-object\" src=\"https:\/\/pohjalacatering.ee\/wp-content\/uploads\/2025\/04\/catering-roosiaed-768x1024.jpg\" width=\"768\" height=\"1024\" srcset=\"https:\/\/pohjalacatering.ee\/wp-content\/uploads\/2025\/04\/catering-roosiaed.jpg 1512w, https:\/\/pohjalacatering.ee\/wp-content\/uploads\/2025\/04\/catering-roosiaed-225x300.jpg 225w, https:\/\/pohjalacatering.ee\/wp-content\/uploads\/2025\/04\/catering-roosiaed-768x1024.jpg 768w, https:\/\/pohjalacatering.ee\/wp-content\/uploads\/2025\/04\/catering-roosiaed-1152x1536.jpg 1152w\" sizes=\"auto, (max-width: 1512px) 100vw, 1512px\" loading=\"lazy\">\n          \n                  <\/figure>\n      <\/a>\n\n                \n      <a class=\"ee-gallery-item ee-gallery-item--image ee-gallery-item--single\" href=\"https:\/\/pohjalacatering.ee\/wp-content\/uploads\/2025\/04\/IMG_0800.jpg\"  data-sub-html=\"<span><\/span>\" data-category=\"1\"                  data-lg-size=\"1512-2016\"\n\n      >\n        <figure class=\"ee-gallery-item-figure\">\n                        <img decoding=\"async\" class=\"breakdance-image-object\" src=\"https:\/\/pohjalacatering.ee\/wp-content\/uploads\/2025\/04\/IMG_0800-768x1024.jpg\" width=\"768\" height=\"1024\" srcset=\"https:\/\/pohjalacatering.ee\/wp-content\/uploads\/2025\/04\/IMG_0800.jpg 1512w, https:\/\/pohjalacatering.ee\/wp-content\/uploads\/2025\/04\/IMG_0800-225x300.jpg 225w, https:\/\/pohjalacatering.ee\/wp-content\/uploads\/2025\/04\/IMG_0800-768x1024.jpg 768w, https:\/\/pohjalacatering.ee\/wp-content\/uploads\/2025\/04\/IMG_0800-1152x1536.jpg 1152w\" sizes=\"auto, (max-width: 1512px) 100vw, 1512px\" loading=\"lazy\">\n          \n                  <\/figure>\n      <\/a>\n\n                \n      <a class=\"ee-gallery-item ee-gallery-item--image ee-gallery-item--single\" href=\"https:\/\/pohjalacatering.ee\/wp-content\/uploads\/2025\/04\/IMG_2700-2.jpg\"  data-sub-html=\"<span><\/span>\" data-category=\"1\"                  data-lg-size=\"752-1008\"\n\n      >\n        <figure class=\"ee-gallery-item-figure\">\n                        <img decoding=\"async\" class=\"breakdance-image-object\" src=\"https:\/\/pohjalacatering.ee\/wp-content\/uploads\/2025\/04\/IMG_2700-2.jpg\" width=\"752\" height=\"1008\" srcset=\"https:\/\/pohjalacatering.ee\/wp-content\/uploads\/2025\/04\/IMG_2700-2.jpg 752w, https:\/\/pohjalacatering.ee\/wp-content\/uploads\/2025\/04\/IMG_2700-2-224x300.jpg 224w\" sizes=\"auto, (max-width: 752px) 100vw, 752px\" loading=\"lazy\">\n          \n                  <\/figure>\n      <\/a>\n\n                \n      <a class=\"ee-gallery-item ee-gallery-item--image ee-gallery-item--single\" href=\"https:\/\/pohjalacatering.ee\/wp-content\/uploads\/2025\/04\/IMG_3383-2.jpg\"  data-sub-html=\"<span><\/span>\" data-category=\"1\"                  data-lg-size=\"640-960\"\n\n      >\n        <figure class=\"ee-gallery-item-figure\">\n                        <img decoding=\"async\" class=\"breakdance-image-object\" src=\"https:\/\/pohjalacatering.ee\/wp-content\/uploads\/2025\/04\/IMG_3383-2.jpg\" width=\"640\" height=\"960\" srcset=\"https:\/\/pohjalacatering.ee\/wp-content\/uploads\/2025\/04\/IMG_3383-2.jpg 640w, https:\/\/pohjalacatering.ee\/wp-content\/uploads\/2025\/04\/IMG_3383-2-200x300.jpg 200w\" sizes=\"auto, (max-width: 640px) 100vw, 640px\" loading=\"lazy\">\n          \n                  <\/figure>\n      <\/a>\n\n                \n      <a class=\"ee-gallery-item ee-gallery-item--image ee-gallery-item--single\" href=\"https:\/\/pohjalacatering.ee\/wp-content\/uploads\/2025\/04\/IMG_3583.jpg\"  data-sub-html=\"<span><\/span>\" data-category=\"1\"                  data-lg-size=\"1512-2016\"\n\n      >\n        <figure class=\"ee-gallery-item-figure\">\n                        <img decoding=\"async\" class=\"breakdance-image-object\" src=\"https:\/\/pohjalacatering.ee\/wp-content\/uploads\/2025\/04\/IMG_3583-768x1024.jpg\" width=\"768\" height=\"1024\" srcset=\"https:\/\/pohjalacatering.ee\/wp-content\/uploads\/2025\/04\/IMG_3583.jpg 1512w, https:\/\/pohjalacatering.ee\/wp-content\/uploads\/2025\/04\/IMG_3583-225x300.jpg 225w, https:\/\/pohjalacatering.ee\/wp-content\/uploads\/2025\/04\/IMG_3583-768x1024.jpg 768w, https:\/\/pohjalacatering.ee\/wp-content\/uploads\/2025\/04\/IMG_3583-1152x1536.jpg 1152w\" sizes=\"auto, (max-width: 1512px) 100vw, 1512px\" loading=\"lazy\">\n          \n                  <\/figure>\n      <\/a>\n\n                \n      <a class=\"ee-gallery-item ee-gallery-item--image ee-gallery-item--single\" href=\"https:\/\/pohjalacatering.ee\/wp-content\/uploads\/2025\/04\/IMG_9401.jpg\"  data-sub-html=\"<span><\/span>\" data-category=\"1\"                  data-lg-size=\"1512-2016\"\n\n      >\n        <figure class=\"ee-gallery-item-figure\">\n                        <img decoding=\"async\" class=\"breakdance-image-object\" src=\"https:\/\/pohjalacatering.ee\/wp-content\/uploads\/2025\/04\/IMG_9401-768x1024.jpg\" width=\"768\" height=\"1024\" srcset=\"https:\/\/pohjalacatering.ee\/wp-content\/uploads\/2025\/04\/IMG_9401.jpg 1512w, https:\/\/pohjalacatering.ee\/wp-content\/uploads\/2025\/04\/IMG_9401-225x300.jpg 225w, https:\/\/pohjalacatering.ee\/wp-content\/uploads\/2025\/04\/IMG_9401-768x1024.jpg 768w, https:\/\/pohjalacatering.ee\/wp-content\/uploads\/2025\/04\/IMG_9401-1152x1536.jpg 1152w\" sizes=\"auto, (max-width: 1512px) 100vw, 1512px\" loading=\"lazy\">\n          \n                  <\/figure>\n      <\/a>\n\n                \n      <a class=\"ee-gallery-item ee-gallery-item--image ee-gallery-item--single\" href=\"https:\/\/pohjalacatering.ee\/wp-content\/uploads\/2025\/04\/IMG_9928.jpg\"  data-sub-html=\"<span><\/span>\" data-category=\"1\"                  data-lg-size=\"1512-2016\"\n\n      >\n        <figure class=\"ee-gallery-item-figure\">\n                        <img decoding=\"async\" class=\"breakdance-image-object\" src=\"https:\/\/pohjalacatering.ee\/wp-content\/uploads\/2025\/04\/IMG_9928-768x1024.jpg\" width=\"768\" height=\"1024\" srcset=\"https:\/\/pohjalacatering.ee\/wp-content\/uploads\/2025\/04\/IMG_9928.jpg 1512w, https:\/\/pohjalacatering.ee\/wp-content\/uploads\/2025\/04\/IMG_9928-225x300.jpg 225w, https:\/\/pohjalacatering.ee\/wp-content\/uploads\/2025\/04\/IMG_9928-768x1024.jpg 768w, https:\/\/pohjalacatering.ee\/wp-content\/uploads\/2025\/04\/IMG_9928-1152x1536.jpg 1152w\" sizes=\"auto, (max-width: 1512px) 100vw, 1512px\" loading=\"lazy\">\n          \n                  <\/figure>\n      <\/a>\n\n      \n  <\/div>\n\n\n\n<\/div><\/div>\n<\/section>","protected":false},"excerpt":{"rendered":"<p>Jagatavad vaagnad MIS SEE ON?\u00a0Jagatavad vaagnad ehk\u00a0sharing plates\u00a0kujutab endast toitlustusformaati, kus k\u00f5ik road serveeritakse k\u00fclalistele otse peolauda \u00fchiselt jagatavate vaagnatega. SUUREMAD V\u00d5IMALUSED:\u00a0Personaalsem lahendus buffeest, mugavam k\u00fclalisele, ei tekita j\u00e4rjekordasid ja visuaalselt kaunis. Arvestama peab et jagatavad vaagnad n\u00f5uavad koha peale kokkasid ning ka toidu kogus peab olema suurem kui buffee puhul. Loob oluliselt rohkem v\u00f5imalusi [&hellip;]<\/p>\n","protected":false},"author":2,"featured_media":0,"parent":237,"menu_order":0,"comment_status":"closed","ping_status":"closed","template":"","meta":{"_breakdance_hide_in_design_set":false,"_breakdance_tags":"","footnotes":""},"class_list":["post-306","page","type-page","status-publish","hentry"],"yoast_head":"<!-- This site is optimized with the Yoast SEO plugin v27.4 - https:\/\/yoast.com\/product\/yoast-seo-wordpress\/ -->\n<title>Jagatavad vaagnad - P&otilde;hjala Catering<\/title>\n<meta name=\"robots\" content=\"index, follow, max-snippet:-1, max-image-preview:large, max-video-preview:-1\" \/>\n<link rel=\"canonical\" href=\"https:\/\/pohjalacatering.ee\/en\/lahendused\/jagatavad-vaagnad\/\" \/>\n<meta property=\"og:locale\" content=\"en_US\" \/>\n<meta property=\"og:type\" content=\"article\" \/>\n<meta property=\"og:title\" content=\"Jagatavad vaagnad - P&otilde;hjala Catering\" \/>\n<meta property=\"og:description\" content=\"Jagatavad vaagnad MIS SEE ON?\u00a0Jagatavad vaagnad ehk\u00a0sharing plates\u00a0kujutab endast toitlustusformaati, kus k\u00f5ik road serveeritakse k\u00fclalistele otse peolauda \u00fchiselt jagatavate vaagnatega. SUUREMAD V\u00d5IMALUSED:\u00a0Personaalsem lahendus buffeest, mugavam k\u00fclalisele, ei tekita j\u00e4rjekordasid ja visuaalselt kaunis. Arvestama peab et jagatavad vaagnad n\u00f5uavad koha peale kokkasid ning ka toidu kogus peab olema suurem kui buffee puhul. Loob oluliselt rohkem v\u00f5imalusi [&hellip;]\" \/>\n<meta property=\"og:url\" content=\"https:\/\/pohjalacatering.ee\/en\/lahendused\/jagatavad-vaagnad\/\" \/>\n<meta property=\"og:site_name\" content=\"P&otilde;hjala Catering\" \/>\n<meta property=\"article:modified_time\" content=\"2025-04-10T07:59:55+00:00\" \/>\n<meta name=\"twitter:card\" content=\"summary_large_image\" \/>\n<script type=\"application\/ld+json\" class=\"yoast-schema-graph\">{\"@context\":\"https:\\\/\\\/schema.org\",\"@graph\":[{\"@type\":\"WebPage\",\"@id\":\"https:\\\/\\\/pohjalacatering.ee\\\/lahendused\\\/jagatavad-vaagnad\\\/\",\"url\":\"https:\\\/\\\/pohjalacatering.ee\\\/lahendused\\\/jagatavad-vaagnad\\\/\",\"name\":\"Jagatavad vaagnad - P&otilde;hjala Catering\",\"isPartOf\":{\"@id\":\"https:\\\/\\\/pohjalacatering.ee\\\/#website\"},\"datePublished\":\"2025-04-10T07:57:41+00:00\",\"dateModified\":\"2025-04-10T07:59:55+00:00\",\"breadcrumb\":{\"@id\":\"https:\\\/\\\/pohjalacatering.ee\\\/lahendused\\\/jagatavad-vaagnad\\\/#breadcrumb\"},\"inLanguage\":\"en-US\",\"potentialAction\":[{\"@type\":\"ReadAction\",\"target\":[\"https:\\\/\\\/pohjalacatering.ee\\\/lahendused\\\/jagatavad-vaagnad\\\/\"]}]},{\"@type\":\"BreadcrumbList\",\"@id\":\"https:\\\/\\\/pohjalacatering.ee\\\/lahendused\\\/jagatavad-vaagnad\\\/#breadcrumb\",\"itemListElement\":[{\"@type\":\"ListItem\",\"position\":1,\"name\":\"Home\",\"item\":\"https:\\\/\\\/pohjalacatering.ee\\\/\"},{\"@type\":\"ListItem\",\"position\":2,\"name\":\"Lahendused\",\"item\":\"https:\\\/\\\/pohjalacatering.ee\\\/lahendused\\\/\"},{\"@type\":\"ListItem\",\"position\":3,\"name\":\"Jagatavad vaagnad\"}]},{\"@type\":\"WebSite\",\"@id\":\"https:\\\/\\\/pohjalacatering.ee\\\/#website\",\"url\":\"https:\\\/\\\/pohjalacatering.ee\\\/\",\"name\":\"P&otilde;hjala Catering\",\"description\":\"Naudi head toitu, kohalikku toitu\",\"potentialAction\":[{\"@type\":\"SearchAction\",\"target\":{\"@type\":\"EntryPoint\",\"urlTemplate\":\"https:\\\/\\\/pohjalacatering.ee\\\/?s={search_term_string}\"},\"query-input\":{\"@type\":\"PropertyValueSpecification\",\"valueRequired\":true,\"valueName\":\"search_term_string\"}}],\"inLanguage\":\"en-US\"}]}<\/script>\n<!-- \/ Yoast SEO plugin. -->","yoast_head_json":{"title":"Jagatavad vaagnad - P&otilde;hjala Catering","robots":{"index":"index","follow":"follow","max-snippet":"max-snippet:-1","max-image-preview":"max-image-preview:large","max-video-preview":"max-video-preview:-1"},"canonical":"https:\/\/pohjalacatering.ee\/en\/lahendused\/jagatavad-vaagnad\/","og_locale":"en_US","og_type":"article","og_title":"Jagatavad vaagnad - P&otilde;hjala Catering","og_description":"Jagatavad vaagnad MIS SEE ON?\u00a0Jagatavad vaagnad ehk\u00a0sharing plates\u00a0kujutab endast toitlustusformaati, kus k\u00f5ik road serveeritakse k\u00fclalistele otse peolauda \u00fchiselt jagatavate vaagnatega. SUUREMAD V\u00d5IMALUSED:\u00a0Personaalsem lahendus buffeest, mugavam k\u00fclalisele, ei tekita j\u00e4rjekordasid ja visuaalselt kaunis. Arvestama peab et jagatavad vaagnad n\u00f5uavad koha peale kokkasid ning ka toidu kogus peab olema suurem kui buffee puhul. Loob oluliselt rohkem v\u00f5imalusi [&hellip;]","og_url":"https:\/\/pohjalacatering.ee\/en\/lahendused\/jagatavad-vaagnad\/","og_site_name":"P&otilde;hjala Catering","article_modified_time":"2025-04-10T07:59:55+00:00","twitter_card":"summary_large_image","schema":{"@context":"https:\/\/schema.org","@graph":[{"@type":"WebPage","@id":"https:\/\/pohjalacatering.ee\/lahendused\/jagatavad-vaagnad\/","url":"https:\/\/pohjalacatering.ee\/lahendused\/jagatavad-vaagnad\/","name":"Jagatavad vaagnad - P&otilde;hjala Catering","isPartOf":{"@id":"https:\/\/pohjalacatering.ee\/#website"},"datePublished":"2025-04-10T07:57:41+00:00","dateModified":"2025-04-10T07:59:55+00:00","breadcrumb":{"@id":"https:\/\/pohjalacatering.ee\/lahendused\/jagatavad-vaagnad\/#breadcrumb"},"inLanguage":"en-US","potentialAction":[{"@type":"ReadAction","target":["https:\/\/pohjalacatering.ee\/lahendused\/jagatavad-vaagnad\/"]}]},{"@type":"BreadcrumbList","@id":"https:\/\/pohjalacatering.ee\/lahendused\/jagatavad-vaagnad\/#breadcrumb","itemListElement":[{"@type":"ListItem","position":1,"name":"Home","item":"https:\/\/pohjalacatering.ee\/"},{"@type":"ListItem","position":2,"name":"Lahendused","item":"https:\/\/pohjalacatering.ee\/lahendused\/"},{"@type":"ListItem","position":3,"name":"Jagatavad vaagnad"}]},{"@type":"WebSite","@id":"https:\/\/pohjalacatering.ee\/#website","url":"https:\/\/pohjalacatering.ee\/","name":"P\u00f5hjala Catering","description":"Enjoy good food, local food","potentialAction":[{"@type":"SearchAction","target":{"@type":"EntryPoint","urlTemplate":"https:\/\/pohjalacatering.ee\/?s={search_term_string}"},"query-input":{"@type":"PropertyValueSpecification","valueRequired":true,"valueName":"search_term_string"}}],"inLanguage":"en-US"}]}},"_links":{"self":[{"href":"https:\/\/pohjalacatering.ee\/en\/wp-json\/wp\/v2\/pages\/306","targetHints":{"allow":["GET"]}}],"collection":[{"href":"https:\/\/pohjalacatering.ee\/en\/wp-json\/wp\/v2\/pages"}],"about":[{"href":"https:\/\/pohjalacatering.ee\/en\/wp-json\/wp\/v2\/types\/page"}],"author":[{"embeddable":true,"href":"https:\/\/pohjalacatering.ee\/en\/wp-json\/wp\/v2\/users\/2"}],"replies":[{"embeddable":true,"href":"https:\/\/pohjalacatering.ee\/en\/wp-json\/wp\/v2\/comments?post=306"}],"version-history":[{"count":2,"href":"https:\/\/pohjalacatering.ee\/en\/wp-json\/wp\/v2\/pages\/306\/revisions"}],"predecessor-version":[{"id":320,"href":"https:\/\/pohjalacatering.ee\/en\/wp-json\/wp\/v2\/pages\/306\/revisions\/320"}],"up":[{"embeddable":true,"href":"https:\/\/pohjalacatering.ee\/en\/wp-json\/wp\/v2\/pages\/237"}],"wp:attachment":[{"href":"https:\/\/pohjalacatering.ee\/en\/wp-json\/wp\/v2\/media?parent=306"}],"curies":[{"name":"wp","href":"https:\/\/api.w.org\/{rel}","templated":true}]}}