{"id":146,"date":"2025-04-09T07:48:53","date_gmt":"2025-04-09T07:48:53","guid":{"rendered":"https:\/\/pohjalacatering.ee\/?page_id=146"},"modified":"2025-04-10T07:47:20","modified_gmt":"2025-04-10T07:47:20","slug":"buffee","status":"publish","type":"page","link":"https:\/\/pohjalacatering.ee\/en\/lahendused\/buffee\/","title":{"rendered":"Buffee"},"content":{"rendered":"<section class=\"bde-section-146-100 bde-section\">\n              \n  \n  \n\t\n\n  <div class=\"section-background-overlay\"><\/div>\n\n\n<div class=\"section-container\"><h1 class=\"bde-heading-146-101 bde-heading\">\nBuffee\n<\/h1><\/div>\n<\/section><section class=\"bde-section-146-102 bde-section\">\n  \n  \n\t\n\n\n\n<div class=\"section-container\"><div class=\"bde-columns-146-103 bde-columns\"><div class=\"bde-column-146-104 bde-column\">\n  \n  \n\t\n\n\n\n<div class=\"bde-rich-text-146-105 bde-rich-text breakdance-rich-text-styles\">\n<p><strong>BUFFEEST:<\/strong>\u00a0The most common catering format due to its universality and rather more affordable price. Food is served buffet-style, where each guest can put what they like on their own plate. There is no need to calculate and ask guests in advance what they would like to eat or not. Our buffet menus always cover the main food preferences as well as the needs of special diets.<\/p>\n<p><strong>WELL:<\/strong>\u00a0Buffet catering has the advantage of a very wide choice of food and flexibility. For example, the start of dinner can be delayed because the hot food stays nice and warm and the cold dishes stay fresh.<\/p>\n<p><strong>STEWARDSHIP:<\/strong>\u00a0P\u00f5hjala Catering changes its buffet menus twice a year according to the season, a so-called summer menu with more garden produce and a winter menu focusing on Christmas and cold weather.<\/p>\n<p><strong>DISAIN:<\/strong>\u00a0We design and custom manufacture tables, textiles and decorations for serving your buffets.<\/p>\n<p>Menu price hot + cold buffet 17-45\u20ac+km\/person<\/p>\n<\/div>\n<\/div><\/div><div class=\"bde-gallery-146-106 bde-gallery\">\n\n\n  \n\n\n\n\n\n\n\n\n\n\n<div class=\"ee-gallery ee-gallery--default ee-gallery--grid ee-gallery--single ee-gallery--lightbox ee-gallery-- ee-gallery--caption- ee-gallery--caption-none ee-gallery--ratio\">\n                  \n      <a class=\"ee-gallery-item ee-gallery-item--image ee-gallery-item--single\" href=\"https:\/\/pohjalacatering.ee\/wp-content\/uploads\/2025\/04\/bufeetoidud.jpg\"  data-sub-html=\"<span><\/span>\" data-category=\"1\"                  data-lg-size=\"1512-2016\"\n\n      >\n        <figure class=\"ee-gallery-item-figure\">\n                        <img decoding=\"async\" class=\"breakdance-image-object\" src=\"https:\/\/pohjalacatering.ee\/wp-content\/uploads\/2025\/04\/bufeetoidud-768x1024.jpg\" width=\"768\" height=\"1024\" srcset=\"https:\/\/pohjalacatering.ee\/wp-content\/uploads\/2025\/04\/bufeetoidud.jpg 1512w, https:\/\/pohjalacatering.ee\/wp-content\/uploads\/2025\/04\/bufeetoidud-225x300.jpg 225w, https:\/\/pohjalacatering.ee\/wp-content\/uploads\/2025\/04\/bufeetoidud-768x1024.jpg 768w, https:\/\/pohjalacatering.ee\/wp-content\/uploads\/2025\/04\/bufeetoidud-1152x1536.jpg 1152w\" sizes=\"auto, (max-width: 1512px) 100vw, 1512px\" loading=\"lazy\">\n          \n                  <\/figure>\n      <\/a>\n\n                \n      <a class=\"ee-gallery-item ee-gallery-item--image ee-gallery-item--single\" href=\"https:\/\/pohjalacatering.ee\/wp-content\/uploads\/2025\/04\/IMG_9053.jpg\"  data-sub-html=\"<span><\/span>\" data-category=\"1\"                  data-lg-size=\"1536-1022\"\n\n      >\n        <figure class=\"ee-gallery-item-figure\">\n                        <img decoding=\"async\" class=\"breakdance-image-object\" src=\"https:\/\/pohjalacatering.ee\/wp-content\/uploads\/2025\/04\/IMG_9053-1024x681.jpg\" width=\"1024\" height=\"681\" srcset=\"https:\/\/pohjalacatering.ee\/wp-content\/uploads\/2025\/04\/IMG_9053.jpg 1536w, https:\/\/pohjalacatering.ee\/wp-content\/uploads\/2025\/04\/IMG_9053-300x200.jpg 300w, https:\/\/pohjalacatering.ee\/wp-content\/uploads\/2025\/04\/IMG_9053-1024x681.jpg 1024w, https:\/\/pohjalacatering.ee\/wp-content\/uploads\/2025\/04\/IMG_9053-768x511.jpg 768w\" sizes=\"auto, (max-width: 1536px) 100vw, 1536px\" loading=\"lazy\">\n          \n                  <\/figure>\n      <\/a>\n\n                \n      <a class=\"ee-gallery-item ee-gallery-item--image ee-gallery-item--single\" href=\"https:\/\/pohjalacatering.ee\/wp-content\/uploads\/2025\/04\/toitlustuse-tellimine.jpg\"  data-sub-html=\"<span><\/span>\" data-category=\"1\"                  data-lg-size=\"1512-2016\"\n\n      >\n        <figure class=\"ee-gallery-item-figure\">\n                        <img decoding=\"async\" class=\"breakdance-image-object\" src=\"https:\/\/pohjalacatering.ee\/wp-content\/uploads\/2025\/04\/toitlustuse-tellimine-768x1024.jpg\" width=\"768\" height=\"1024\" srcset=\"https:\/\/pohjalacatering.ee\/wp-content\/uploads\/2025\/04\/toitlustuse-tellimine.jpg 1512w, https:\/\/pohjalacatering.ee\/wp-content\/uploads\/2025\/04\/toitlustuse-tellimine-225x300.jpg 225w, https:\/\/pohjalacatering.ee\/wp-content\/uploads\/2025\/04\/toitlustuse-tellimine-768x1024.jpg 768w, https:\/\/pohjalacatering.ee\/wp-content\/uploads\/2025\/04\/toitlustuse-tellimine-1152x1536.jpg 1152w\" sizes=\"auto, (max-width: 1512px) 100vw, 1512px\" loading=\"lazy\">\n          \n                  <\/figure>\n      <\/a>\n\n                \n      <a class=\"ee-gallery-item ee-gallery-item--image ee-gallery-item--single\" href=\"https:\/\/pohjalacatering.ee\/wp-content\/uploads\/2025\/04\/IMG_4362.jpg\"  data-sub-html=\"<span><\/span>\" data-category=\"1\"                  data-lg-size=\"1504-2016\"\n\n      >\n        <figure class=\"ee-gallery-item-figure\">\n                        <img decoding=\"async\" class=\"breakdance-image-object\" src=\"https:\/\/pohjalacatering.ee\/wp-content\/uploads\/2025\/04\/IMG_4362-764x1024.jpg\" width=\"764\" height=\"1024\" srcset=\"https:\/\/pohjalacatering.ee\/wp-content\/uploads\/2025\/04\/IMG_4362.jpg 1504w, https:\/\/pohjalacatering.ee\/wp-content\/uploads\/2025\/04\/IMG_4362-224x300.jpg 224w, https:\/\/pohjalacatering.ee\/wp-content\/uploads\/2025\/04\/IMG_4362-764x1024.jpg 764w, https:\/\/pohjalacatering.ee\/wp-content\/uploads\/2025\/04\/IMG_4362-768x1029.jpg 768w, https:\/\/pohjalacatering.ee\/wp-content\/uploads\/2025\/04\/IMG_4362-1146x1536.jpg 1146w\" sizes=\"auto, (max-width: 1504px) 100vw, 1504px\" loading=\"lazy\">\n          \n                  <\/figure>\n      <\/a>\n\n                \n      <a class=\"ee-gallery-item ee-gallery-item--image ee-gallery-item--single\" href=\"https:\/\/pohjalacatering.ee\/wp-content\/uploads\/2025\/04\/IMG_4328.jpg\"  data-sub-html=\"<span><\/span>\" data-category=\"1\"                  data-lg-size=\"1504-2016\"\n\n      >\n        <figure class=\"ee-gallery-item-figure\">\n                        <img decoding=\"async\" class=\"breakdance-image-object\" src=\"https:\/\/pohjalacatering.ee\/wp-content\/uploads\/2025\/04\/IMG_4328-764x1024.jpg\" width=\"764\" height=\"1024\" srcset=\"https:\/\/pohjalacatering.ee\/wp-content\/uploads\/2025\/04\/IMG_4328.jpg 1504w, https:\/\/pohjalacatering.ee\/wp-content\/uploads\/2025\/04\/IMG_4328-224x300.jpg 224w, https:\/\/pohjalacatering.ee\/wp-content\/uploads\/2025\/04\/IMG_4328-764x1024.jpg 764w, https:\/\/pohjalacatering.ee\/wp-content\/uploads\/2025\/04\/IMG_4328-768x1029.jpg 768w, https:\/\/pohjalacatering.ee\/wp-content\/uploads\/2025\/04\/IMG_4328-1146x1536.jpg 1146w\" sizes=\"auto, (max-width: 1504px) 100vw, 1504px\" loading=\"lazy\">\n          \n                  <\/figure>\n      <\/a>\n\n                \n      <a class=\"ee-gallery-item ee-gallery-item--image ee-gallery-item--single\" href=\"https:\/\/pohjalacatering.ee\/wp-content\/uploads\/2025\/04\/IMG_3387.jpg\"  data-sub-html=\"<span><\/span>\" data-category=\"1\"                  data-lg-size=\"960-640\"\n\n      >\n        <figure class=\"ee-gallery-item-figure\">\n                        <img decoding=\"async\" class=\"breakdance-image-object\" src=\"https:\/\/pohjalacatering.ee\/wp-content\/uploads\/2025\/04\/IMG_3387.jpg\" width=\"960\" height=\"640\" srcset=\"https:\/\/pohjalacatering.ee\/wp-content\/uploads\/2025\/04\/IMG_3387.jpg 960w, https:\/\/pohjalacatering.ee\/wp-content\/uploads\/2025\/04\/IMG_3387-300x200.jpg 300w, https:\/\/pohjalacatering.ee\/wp-content\/uploads\/2025\/04\/IMG_3387-768x512.jpg 768w\" sizes=\"auto, (max-width: 960px) 100vw, 960px\" loading=\"lazy\">\n          \n                  <\/figure>\n      <\/a>\n\n                \n      <a class=\"ee-gallery-item ee-gallery-item--image ee-gallery-item--single\" href=\"https:\/\/pohjalacatering.ee\/wp-content\/uploads\/2025\/04\/IMG_1341.jpg\"  data-sub-html=\"<span><\/span>\" data-category=\"1\"                  data-lg-size=\"1512-2016\"\n\n      >\n        <figure class=\"ee-gallery-item-figure\">\n                        <img decoding=\"async\" class=\"breakdance-image-object\" src=\"https:\/\/pohjalacatering.ee\/wp-content\/uploads\/2025\/04\/IMG_1341-768x1024.jpg\" width=\"768\" height=\"1024\" srcset=\"https:\/\/pohjalacatering.ee\/wp-content\/uploads\/2025\/04\/IMG_1341.jpg 1512w, https:\/\/pohjalacatering.ee\/wp-content\/uploads\/2025\/04\/IMG_1341-225x300.jpg 225w, https:\/\/pohjalacatering.ee\/wp-content\/uploads\/2025\/04\/IMG_1341-768x1024.jpg 768w, https:\/\/pohjalacatering.ee\/wp-content\/uploads\/2025\/04\/IMG_1341-1152x1536.jpg 1152w\" sizes=\"auto, (max-width: 1512px) 100vw, 1512px\" loading=\"lazy\">\n          \n                  <\/figure>\n      <\/a>\n\n                \n      <a class=\"ee-gallery-item ee-gallery-item--image ee-gallery-item--single\" href=\"https:\/\/pohjalacatering.ee\/wp-content\/uploads\/2025\/04\/IMG_1302.jpg\"  data-sub-html=\"<span><\/span>\" data-category=\"1\"                  data-lg-size=\"1512-2016\"\n\n      >\n        <figure class=\"ee-gallery-item-figure\">\n                        <img decoding=\"async\" class=\"breakdance-image-object\" src=\"https:\/\/pohjalacatering.ee\/wp-content\/uploads\/2025\/04\/IMG_1302-768x1024.jpg\" width=\"768\" height=\"1024\" srcset=\"https:\/\/pohjalacatering.ee\/wp-content\/uploads\/2025\/04\/IMG_1302.jpg 1512w, https:\/\/pohjalacatering.ee\/wp-content\/uploads\/2025\/04\/IMG_1302-225x300.jpg 225w, https:\/\/pohjalacatering.ee\/wp-content\/uploads\/2025\/04\/IMG_1302-768x1024.jpg 768w, https:\/\/pohjalacatering.ee\/wp-content\/uploads\/2025\/04\/IMG_1302-1152x1536.jpg 1152w\" sizes=\"auto, (max-width: 1512px) 100vw, 1512px\" loading=\"lazy\">\n          \n                  <\/figure>\n      <\/a>\n\n                \n      <a class=\"ee-gallery-item ee-gallery-item--image ee-gallery-item--single\" href=\"https:\/\/pohjalacatering.ee\/wp-content\/uploads\/2025\/04\/IMG_1272.jpg\"  data-sub-html=\"<span><\/span>\" data-category=\"1\"                  data-lg-size=\"1512-2016\"\n\n      >\n        <figure class=\"ee-gallery-item-figure\">\n                        <img decoding=\"async\" class=\"breakdance-image-object\" src=\"https:\/\/pohjalacatering.ee\/wp-content\/uploads\/2025\/04\/IMG_1272-768x1024.jpg\" width=\"768\" height=\"1024\" srcset=\"https:\/\/pohjalacatering.ee\/wp-content\/uploads\/2025\/04\/IMG_1272.jpg 1512w, https:\/\/pohjalacatering.ee\/wp-content\/uploads\/2025\/04\/IMG_1272-225x300.jpg 225w, https:\/\/pohjalacatering.ee\/wp-content\/uploads\/2025\/04\/IMG_1272-768x1024.jpg 768w, https:\/\/pohjalacatering.ee\/wp-content\/uploads\/2025\/04\/IMG_1272-1152x1536.jpg 1152w\" sizes=\"auto, (max-width: 1512px) 100vw, 1512px\" loading=\"lazy\">\n          \n                  <\/figure>\n      <\/a>\n\n                \n      <a class=\"ee-gallery-item ee-gallery-item--image ee-gallery-item--single\" href=\"https:\/\/pohjalacatering.ee\/wp-content\/uploads\/2025\/04\/image3-e1549892543526.jpg\"  data-sub-html=\"<span><\/span>\" data-category=\"1\"                  data-lg-size=\"800-600\"\n\n      >\n        <figure class=\"ee-gallery-item-figure\">\n                        <img decoding=\"async\" class=\"breakdance-image-object\" src=\"https:\/\/pohjalacatering.ee\/wp-content\/uploads\/2025\/04\/image3-e1549892543526.jpg\" width=\"800\" height=\"600\" srcset=\"https:\/\/pohjalacatering.ee\/wp-content\/uploads\/2025\/04\/image3-e1549892543526.jpg 800w, https:\/\/pohjalacatering.ee\/wp-content\/uploads\/2025\/04\/image3-e1549892543526-300x225.jpg 300w, https:\/\/pohjalacatering.ee\/wp-content\/uploads\/2025\/04\/image3-e1549892543526-768x576.jpg 768w\" sizes=\"auto, (max-width: 800px) 100vw, 800px\" loading=\"lazy\">\n          \n                  <\/figure>\n      <\/a>\n\n                \n      <a class=\"ee-gallery-item ee-gallery-item--image ee-gallery-item--single\" href=\"https:\/\/pohjalacatering.ee\/wp-content\/uploads\/2025\/04\/IMG_1267.jpg\"  data-sub-html=\"<span><\/span>\" data-category=\"1\"                  data-lg-size=\"1512-2016\"\n\n      >\n        <figure class=\"ee-gallery-item-figure\">\n                        <img decoding=\"async\" class=\"breakdance-image-object\" src=\"https:\/\/pohjalacatering.ee\/wp-content\/uploads\/2025\/04\/IMG_1267-768x1024.jpg\" width=\"768\" height=\"1024\" srcset=\"https:\/\/pohjalacatering.ee\/wp-content\/uploads\/2025\/04\/IMG_1267.jpg 1512w, https:\/\/pohjalacatering.ee\/wp-content\/uploads\/2025\/04\/IMG_1267-225x300.jpg 225w, https:\/\/pohjalacatering.ee\/wp-content\/uploads\/2025\/04\/IMG_1267-768x1024.jpg 768w, https:\/\/pohjalacatering.ee\/wp-content\/uploads\/2025\/04\/IMG_1267-1152x1536.jpg 1152w\" sizes=\"auto, (max-width: 1512px) 100vw, 1512px\" loading=\"lazy\">\n          \n                  <\/figure>\n      <\/a>\n\n                \n      <a class=\"ee-gallery-item ee-gallery-item--image ee-gallery-item--single\" href=\"https:\/\/pohjalacatering.ee\/wp-content\/uploads\/2025\/04\/catering-tallinn1.jpg\"  data-sub-html=\"<span><\/span>\" data-category=\"1\"                  data-lg-size=\"1512-2016\"\n\n      >\n        <figure class=\"ee-gallery-item-figure\">\n                        <img decoding=\"async\" class=\"breakdance-image-object\" src=\"https:\/\/pohjalacatering.ee\/wp-content\/uploads\/2025\/04\/catering-tallinn1-768x1024.jpg\" width=\"768\" height=\"1024\" srcset=\"https:\/\/pohjalacatering.ee\/wp-content\/uploads\/2025\/04\/catering-tallinn1.jpg 1512w, https:\/\/pohjalacatering.ee\/wp-content\/uploads\/2025\/04\/catering-tallinn1-225x300.jpg 225w, https:\/\/pohjalacatering.ee\/wp-content\/uploads\/2025\/04\/catering-tallinn1-768x1024.jpg 768w, https:\/\/pohjalacatering.ee\/wp-content\/uploads\/2025\/04\/catering-tallinn1-1152x1536.jpg 1152w\" sizes=\"auto, (max-width: 1512px) 100vw, 1512px\" loading=\"lazy\">\n          \n                  <\/figure>\n      <\/a>\n\n                \n      <a class=\"ee-gallery-item ee-gallery-item--image ee-gallery-item--single\" href=\"https:\/\/pohjalacatering.ee\/wp-content\/uploads\/2025\/04\/catering-disain-tallinn.jpg\"  data-sub-html=\"<span><\/span>\" data-category=\"1\"                  data-lg-size=\"828-1110\"\n\n      >\n        <figure class=\"ee-gallery-item-figure\">\n                        <img decoding=\"async\" class=\"breakdance-image-object\" src=\"https:\/\/pohjalacatering.ee\/wp-content\/uploads\/2025\/04\/catering-disain-tallinn-764x1024.jpg\" width=\"764\" height=\"1024\" srcset=\"https:\/\/pohjalacatering.ee\/wp-content\/uploads\/2025\/04\/catering-disain-tallinn.jpg 828w, https:\/\/pohjalacatering.ee\/wp-content\/uploads\/2025\/04\/catering-disain-tallinn-224x300.jpg 224w, https:\/\/pohjalacatering.ee\/wp-content\/uploads\/2025\/04\/catering-disain-tallinn-764x1024.jpg 764w, https:\/\/pohjalacatering.ee\/wp-content\/uploads\/2025\/04\/catering-disain-tallinn-768x1030.jpg 768w\" sizes=\"auto, (max-width: 828px) 100vw, 828px\" loading=\"lazy\">\n          \n                  <\/figure>\n      <\/a>\n\n                \n      <a class=\"ee-gallery-item ee-gallery-item--image ee-gallery-item--single\" href=\"https:\/\/pohjalacatering.ee\/wp-content\/uploads\/2025\/04\/2EA5C5D9-7F3B-4DD1-BC6B-3FCE036240B6-1.jpg\"  data-sub-html=\"<span><\/span>\" data-category=\"1\"                  data-lg-size=\"1528-1528\"\n\n      >\n        <figure class=\"ee-gallery-item-figure\">\n                        <img decoding=\"async\" class=\"breakdance-image-object\" src=\"https:\/\/pohjalacatering.ee\/wp-content\/uploads\/2025\/04\/2EA5C5D9-7F3B-4DD1-BC6B-3FCE036240B6-1-1024x1024.jpg\" width=\"1024\" height=\"1024\" srcset=\"https:\/\/pohjalacatering.ee\/wp-content\/uploads\/2025\/04\/2EA5C5D9-7F3B-4DD1-BC6B-3FCE036240B6-1.jpg 1528w, https:\/\/pohjalacatering.ee\/wp-content\/uploads\/2025\/04\/2EA5C5D9-7F3B-4DD1-BC6B-3FCE036240B6-1-300x300.jpg 300w, https:\/\/pohjalacatering.ee\/wp-content\/uploads\/2025\/04\/2EA5C5D9-7F3B-4DD1-BC6B-3FCE036240B6-1-1024x1024.jpg 1024w, https:\/\/pohjalacatering.ee\/wp-content\/uploads\/2025\/04\/2EA5C5D9-7F3B-4DD1-BC6B-3FCE036240B6-1-150x150.jpg 150w, https:\/\/pohjalacatering.ee\/wp-content\/uploads\/2025\/04\/2EA5C5D9-7F3B-4DD1-BC6B-3FCE036240B6-1-768x768.jpg 768w\" sizes=\"auto, (max-width: 1528px) 100vw, 1528px\" loading=\"lazy\">\n          \n                  <\/figure>\n      <\/a>\n\n      \n  <\/div>\n\n\n\n<\/div><\/div>\n<\/section>","protected":false},"excerpt":{"rendered":"<p>Buffee BUFFEEST:\u00a0Levinuim cateringi formaat oma universaalsuse ja pigem soodsama hinna poolest. Toidud serveeritakse nn Rootsi laua stiilis, kus iga k\u00fclaline saab ise meelep\u00e4rase taldrikusse t\u00f5sta. Ei pea arvestama ja k\u00fclalistelt ette k\u00fcsima, mida keegi s\u00fc\u00fca soovib v\u00f5i ei soovi. Meie buffeemen\u00fc\u00fcd katavad alati \u00e4ra peamised toidueelistused ja ka eritoitujate vajadused. KELLELE:\u00a0Buffeetoitlustuse eeliseks on v\u00e4ga lai [&hellip;]<\/p>\n","protected":false},"author":2,"featured_media":0,"parent":237,"menu_order":0,"comment_status":"closed","ping_status":"closed","template":"","meta":{"_breakdance_hide_in_design_set":false,"_breakdance_tags":"","footnotes":""},"class_list":["post-146","page","type-page","status-publish","hentry"],"yoast_head":"<!-- This site is optimized with the Yoast SEO plugin v27.5 - https:\/\/yoast.com\/product\/yoast-seo-wordpress\/ -->\n<title>Buffee - P&otilde;hjala Catering<\/title>\n<meta name=\"robots\" content=\"index, follow, max-snippet:-1, max-image-preview:large, max-video-preview:-1\" \/>\n<link rel=\"canonical\" href=\"https:\/\/pohjalacatering.ee\/en\/lahendused\/buffee\/\" \/>\n<meta property=\"og:locale\" content=\"en_US\" \/>\n<meta property=\"og:type\" content=\"article\" \/>\n<meta property=\"og:title\" content=\"Buffee - P&otilde;hjala Catering\" \/>\n<meta property=\"og:description\" content=\"Buffee BUFFEEST:\u00a0Levinuim cateringi formaat oma universaalsuse ja pigem soodsama hinna poolest. Toidud serveeritakse nn Rootsi laua stiilis, kus iga k\u00fclaline saab ise meelep\u00e4rase taldrikusse t\u00f5sta. Ei pea arvestama ja k\u00fclalistelt ette k\u00fcsima, mida keegi s\u00fc\u00fca soovib v\u00f5i ei soovi. Meie buffeemen\u00fc\u00fcd katavad alati \u00e4ra peamised toidueelistused ja ka eritoitujate vajadused. KELLELE:\u00a0Buffeetoitlustuse eeliseks on v\u00e4ga lai [&hellip;]\" \/>\n<meta property=\"og:url\" content=\"https:\/\/pohjalacatering.ee\/en\/lahendused\/buffee\/\" \/>\n<meta property=\"og:site_name\" content=\"P&otilde;hjala Catering\" \/>\n<meta property=\"article:modified_time\" content=\"2025-04-10T07:47:20+00:00\" \/>\n<meta name=\"twitter:card\" content=\"summary_large_image\" \/>\n<script type=\"application\/ld+json\" class=\"yoast-schema-graph\">{\"@context\":\"https:\\\/\\\/schema.org\",\"@graph\":[{\"@type\":\"WebPage\",\"@id\":\"https:\\\/\\\/pohjalacatering.ee\\\/lahendused\\\/buffee\\\/\",\"url\":\"https:\\\/\\\/pohjalacatering.ee\\\/lahendused\\\/buffee\\\/\",\"name\":\"Buffee - P&otilde;hjala Catering\",\"isPartOf\":{\"@id\":\"https:\\\/\\\/pohjalacatering.ee\\\/#website\"},\"datePublished\":\"2025-04-09T07:48:53+00:00\",\"dateModified\":\"2025-04-10T07:47:20+00:00\",\"breadcrumb\":{\"@id\":\"https:\\\/\\\/pohjalacatering.ee\\\/lahendused\\\/buffee\\\/#breadcrumb\"},\"inLanguage\":\"en-US\",\"potentialAction\":[{\"@type\":\"ReadAction\",\"target\":[\"https:\\\/\\\/pohjalacatering.ee\\\/lahendused\\\/buffee\\\/\"]}]},{\"@type\":\"BreadcrumbList\",\"@id\":\"https:\\\/\\\/pohjalacatering.ee\\\/lahendused\\\/buffee\\\/#breadcrumb\",\"itemListElement\":[{\"@type\":\"ListItem\",\"position\":1,\"name\":\"Home\",\"item\":\"https:\\\/\\\/pohjalacatering.ee\\\/\"},{\"@type\":\"ListItem\",\"position\":2,\"name\":\"Lahendused\",\"item\":\"https:\\\/\\\/pohjalacatering.ee\\\/lahendused\\\/\"},{\"@type\":\"ListItem\",\"position\":3,\"name\":\"Buffee\"}]},{\"@type\":\"WebSite\",\"@id\":\"https:\\\/\\\/pohjalacatering.ee\\\/#website\",\"url\":\"https:\\\/\\\/pohjalacatering.ee\\\/\",\"name\":\"P&otilde;hjala Catering\",\"description\":\"Naudi head toitu, kohalikku toitu\",\"potentialAction\":[{\"@type\":\"SearchAction\",\"target\":{\"@type\":\"EntryPoint\",\"urlTemplate\":\"https:\\\/\\\/pohjalacatering.ee\\\/?s={search_term_string}\"},\"query-input\":{\"@type\":\"PropertyValueSpecification\",\"valueRequired\":true,\"valueName\":\"search_term_string\"}}],\"inLanguage\":\"en-US\"}]}<\/script>\n<!-- \/ Yoast SEO plugin. -->","yoast_head_json":{"title":"Buffee - P&otilde;hjala Catering","robots":{"index":"index","follow":"follow","max-snippet":"max-snippet:-1","max-image-preview":"max-image-preview:large","max-video-preview":"max-video-preview:-1"},"canonical":"https:\/\/pohjalacatering.ee\/en\/lahendused\/buffee\/","og_locale":"en_US","og_type":"article","og_title":"Buffee - P&otilde;hjala Catering","og_description":"Buffee BUFFEEST:\u00a0Levinuim cateringi formaat oma universaalsuse ja pigem soodsama hinna poolest. Toidud serveeritakse nn Rootsi laua stiilis, kus iga k\u00fclaline saab ise meelep\u00e4rase taldrikusse t\u00f5sta. Ei pea arvestama ja k\u00fclalistelt ette k\u00fcsima, mida keegi s\u00fc\u00fca soovib v\u00f5i ei soovi. Meie buffeemen\u00fc\u00fcd katavad alati \u00e4ra peamised toidueelistused ja ka eritoitujate vajadused. KELLELE:\u00a0Buffeetoitlustuse eeliseks on v\u00e4ga lai [&hellip;]","og_url":"https:\/\/pohjalacatering.ee\/en\/lahendused\/buffee\/","og_site_name":"P&otilde;hjala Catering","article_modified_time":"2025-04-10T07:47:20+00:00","twitter_card":"summary_large_image","schema":{"@context":"https:\/\/schema.org","@graph":[{"@type":"WebPage","@id":"https:\/\/pohjalacatering.ee\/lahendused\/buffee\/","url":"https:\/\/pohjalacatering.ee\/lahendused\/buffee\/","name":"Buffee - P&otilde;hjala Catering","isPartOf":{"@id":"https:\/\/pohjalacatering.ee\/#website"},"datePublished":"2025-04-09T07:48:53+00:00","dateModified":"2025-04-10T07:47:20+00:00","breadcrumb":{"@id":"https:\/\/pohjalacatering.ee\/lahendused\/buffee\/#breadcrumb"},"inLanguage":"en-US","potentialAction":[{"@type":"ReadAction","target":["https:\/\/pohjalacatering.ee\/lahendused\/buffee\/"]}]},{"@type":"BreadcrumbList","@id":"https:\/\/pohjalacatering.ee\/lahendused\/buffee\/#breadcrumb","itemListElement":[{"@type":"ListItem","position":1,"name":"Home","item":"https:\/\/pohjalacatering.ee\/"},{"@type":"ListItem","position":2,"name":"Lahendused","item":"https:\/\/pohjalacatering.ee\/lahendused\/"},{"@type":"ListItem","position":3,"name":"Buffee"}]},{"@type":"WebSite","@id":"https:\/\/pohjalacatering.ee\/#website","url":"https:\/\/pohjalacatering.ee\/","name":"P\u00f5hjala Catering","description":"Enjoy good food, local food","potentialAction":[{"@type":"SearchAction","target":{"@type":"EntryPoint","urlTemplate":"https:\/\/pohjalacatering.ee\/?s={search_term_string}"},"query-input":{"@type":"PropertyValueSpecification","valueRequired":true,"valueName":"search_term_string"}}],"inLanguage":"en-US"}]}},"_links":{"self":[{"href":"https:\/\/pohjalacatering.ee\/en\/wp-json\/wp\/v2\/pages\/146","targetHints":{"allow":["GET"]}}],"collection":[{"href":"https:\/\/pohjalacatering.ee\/en\/wp-json\/wp\/v2\/pages"}],"about":[{"href":"https:\/\/pohjalacatering.ee\/en\/wp-json\/wp\/v2\/types\/page"}],"author":[{"embeddable":true,"href":"https:\/\/pohjalacatering.ee\/en\/wp-json\/wp\/v2\/users\/2"}],"replies":[{"embeddable":true,"href":"https:\/\/pohjalacatering.ee\/en\/wp-json\/wp\/v2\/comments?post=146"}],"version-history":[{"count":8,"href":"https:\/\/pohjalacatering.ee\/en\/wp-json\/wp\/v2\/pages\/146\/revisions"}],"predecessor-version":[{"id":255,"href":"https:\/\/pohjalacatering.ee\/en\/wp-json\/wp\/v2\/pages\/146\/revisions\/255"}],"up":[{"embeddable":true,"href":"https:\/\/pohjalacatering.ee\/en\/wp-json\/wp\/v2\/pages\/237"}],"wp:attachment":[{"href":"https:\/\/pohjalacatering.ee\/en\/wp-json\/wp\/v2\/media?parent=146"}],"curies":[{"name":"wp","href":"https:\/\/api.w.org\/{rel}","templated":true}]}}